{"id":1037,"date":"2023-11-08T14:42:48","date_gmt":"2023-11-08T14:42:48","guid":{"rendered":"https:\/\/jollyheap.com\/contact-us\/"},"modified":"2024-10-14T09:59:45","modified_gmt":"2024-10-14T09:59:45","slug":"contact-us","status":"publish","type":"page","link":"https:\/\/jollyheap.com\/pl\/contact-us\/","title":{"rendered":"Kontakt"},"content":{"rendered":"\n<section class=\"wp-block-group alignfull is-layout-constrained wp-block-group-is-layout-constrained\">\n<div class=\"wp-block-group alignfull container is-layout-constrained wp-block-group-is-layout-constrained\">\n<h1 class=\"wp-block-heading has-text-align-center\">Skontaktuj si\u0119<\/h1>\n\n\n\n<div class=\"wp-block-group is-layout-constrained wp-container-core-group-is-layout-246164fa wp-block-group-is-layout-constrained\">\n<p class=\"has-text-align-center\">Masz pytania? Ch\u0119tnie podzielimy si\u0119 nasz\u0105<br>wiedz\u0105 i do\u015bwiadczeniem.<\/p>\n\n\n\n<div style=\"height:14px\" aria-hidden=\"true\" class=\"wp-block-spacer\"><\/div>\n\n\n\n<figure class=\"wp-block-image aligncenter size-large\"><img loading=\"lazy\" decoding=\"async\" width=\"126\" height=\"126\" src=\"https:\/\/jollyheap.com\/wp-content\/uploads\/2024\/02\/contact-image-1.svg\" alt=\"JollyHeap\" class=\"wp-image-1031\"\/><\/figure>\n<\/div>\n\n\n\n<div class=\"wp-block-essential-blocks-row alignfull\"><div class=\"eb-parent-wrapper eb-parent-eb-row-u72fg2e \"><div class=\"eb-row-root-container eb-row-u72fg2e\" data-id=\"eb-row-u72fg2e\"><div class=\"eb-row-wrapper\"><div class=\"eb-row-inner\">\n<div class=\"eb-parent-wrapper eb-parent-eb-column-zim3nv4  wp-block-essential-blocks-column\"><div class=\"eb-column-wrapper eb-column-zim3nv4\"><div class=\"eb-column-inner\">\n<h3 class=\"wp-block-heading has-text-align-center\">Zapytania og\u00f3lne<\/h3>\n\n\n\n<div class=\"wp-block-group item-contact-block is-layout-constrained wp-block-group-is-layout-constrained\">\n<p class=\"has-text-align-center\"><mark style=\"background-color:rgba(0, 0, 0, 0)\" class=\"has-inline-color has-cerulean-blue-color\">ENG, PL<\/mark><br><a href=\"tel:+48 575 935 005\">+48 575 935 005<\/a><br><a href=\"tel:+48 519 171 197\">+48 519 171 197<\/a><br><a href=\"mailto:info@jollyheap.com\" target=\"_blank\" rel=\"noreferrer noopener\">info@jollyheap.com<\/a><\/p>\n<\/div>\n<\/div><\/div><\/div>\n\n\n\n<div class=\"eb-parent-wrapper eb-parent-eb-column-2a61coi  wp-block-essential-blocks-column\"><div class=\"eb-column-wrapper eb-column-2a61coi\"><div class=\"eb-column-inner\">\n<h3 class=\"wp-block-heading has-text-align-center\">Marketing<\/h3>\n\n\n\n<div class=\"wp-block-group item-contact-block is-layout-constrained wp-block-group-is-layout-constrained\">\n<p class=\"has-text-align-center\"><mark style=\"background-color:rgba(0, 0, 0, 0)\" class=\"has-inline-color has-cerulean-blue-color\">ENG, PL<\/mark><br>+48&nbsp;797 059 905<br><a href=\"mailto:bartosz@jollyheap.com\" target=\"_blank\" rel=\"noreferrer noopener\">bartosz@jollyheap.com<\/a><\/p>\n<\/div>\n<\/div><\/div><\/div>\n\n\n\n<div class=\"eb-parent-wrapper eb-parent-eb-column-ci97hqd  wp-block-essential-blocks-column\"><div class=\"eb-column-wrapper eb-column-ci97hqd\"><div class=\"eb-column-inner\">\n<h3 class=\"wp-block-heading has-text-align-center\">Dane firmowe<\/h3>\n\n\n\n<div class=\"wp-block-group item-contact-block is-layout-constrained wp-block-group-is-layout-constrained\">\n<p class=\"has-text-align-center\">\u201eJolly-Heap\u201d Svitlana Sapunova<br><mark style=\"background-color:rgba(0, 0, 0, 0)\" class=\"has-inline-color has-cerulean-blue-color\">NIP:<\/mark> 8992772832<br><mark style=\"background-color:rgba(0, 0, 0, 0)\" class=\"has-inline-color has-cerulean-blue-color\">ADRES:<\/mark> 55-020, Rzeplin,<br>Aleja Led 4<\/p>\n<\/div>\n<\/div><\/div><\/div>\n<\/div><\/div><\/div><\/div><\/div>\n<\/div>\n<\/section>\n\n\n\n<section class=\"wp-block-group has-background is-layout-constrained wp-block-group-is-layout-constrained\" style=\"background:linear-gradient(180deg,rgb(248,248,248) 0%,rgb(255,255,255) 100%)\">\n<div class=\"wp-block-group container is-layout-constrained wp-block-group-is-layout-constrained\">\n<h2 class=\"wp-block-heading has-text-align-center\">Klienci biznesowi<\/h2>\n\n\n\n<p class=\"has-text-align-center has-medium-font-size\"><strong>Chcesz zosta\u0107 naszym partnerem B2B?<\/strong><br>Wype\u0142nij kr\u00f3tki formularz zg\u0142oszeniowy.<\/p>\n\n\n\n<div style=\"height:20px\" aria-hidden=\"true\" class=\"wp-block-spacer\"><\/div>\n\n\n\n<div class=\"wp-block-buttons is-content-justification-center is-layout-flex wp-container-core-buttons-is-layout-16018d1d wp-block-buttons-is-layout-flex\">\n<div class=\"wp-block-button has-custom-font-size is-style-fill has-medium-font-size\" style=\"text-transform:uppercase\"><a class=\"wp-block-button__link has-cerulean-blue-background-color has-background has-text-align-center wp-element-button\" href=\"https:\/\/jollyheap.com\/pl\/become-our-distributor\/\"><strong>WYPE\u0141NIJ FORMULARZ B2B<\/strong><\/a><\/div>\n<\/div>\n\n\n\n<div style=\"height:50px\" aria-hidden=\"true\" class=\"wp-block-spacer\"><\/div>\n\n\n\n<figure class=\"wp-block-image aligncenter size-large\"><img loading=\"lazy\" decoding=\"async\" width=\"95\" height=\"84\" src=\"https:\/\/jollyheap.com\/wp-content\/uploads\/2024\/02\/contact-image-2.svg\" alt=\"JollyHeap\" class=\"wp-image-1034\"\/><\/figure>\n\n\n\n<div style=\"height:50px\" aria-hidden=\"true\" class=\"wp-block-spacer\"><\/div>\n\n\n\n<p class=\"has-text-align-center has-medium-font-size\"><strong>Jeste\u015b naszym partnerem biznesowym?<\/strong><br>Skontaktuj si\u0119 z jednym z naszych opiekun\u00f3w.<\/p>\n\n\n\n<div style=\"height:35px\" aria-hidden=\"true\" class=\"wp-block-spacer\"><\/div>\n\n\n\n<div class=\"wp-block-essential-blocks-row alignfull\"><div class=\"eb-parent-wrapper eb-parent-eb-row-phuhc05 \"><div class=\"eb-row-root-container eb-row-phuhc05\" data-id=\"eb-row-phuhc05\"><div class=\"eb-row-wrapper\"><div class=\"eb-row-inner\">\n<div class=\"eb-parent-wrapper eb-parent-eb-column-99dl1p0  wp-block-essential-blocks-column\"><div class=\"eb-column-wrapper eb-column-99dl1p0\"><div class=\"eb-column-inner\">\n<div class=\"wp-block-group item-contact-block is-layout-constrained wp-block-group-is-layout-constrained\">\n<p class=\"has-text-align-center\"><strong>Pawe\u0142 Oleksy<\/strong><br><mark style=\"background-color:rgba(0, 0, 0, 0)\" class=\"has-inline-color has-cerulean-blue-color\">ENG, PL<\/mark><br><a href=\"tel:+48 519 171 197\">+48 519 171 197<\/a><br><a href=\"mailto:pawel@jollyheap.com\" target=\"_blank\" rel=\"noreferrer noopener\">pawel@jollyheap.com<\/a><\/p>\n<\/div>\n<\/div><\/div><\/div>\n\n\n\n<div class=\"eb-parent-wrapper eb-parent-eb-column-mh9ia0x  wp-block-essential-blocks-column\"><div class=\"eb-column-wrapper eb-column-mh9ia0x\"><div class=\"eb-column-inner\">\n<div class=\"wp-block-group item-contact-block is-layout-constrained wp-block-group-is-layout-constrained\">\n<p class=\"has-text-align-center\"><strong>Ma\u0142gorzata Mikoda<\/strong><br><mark style=\"background-color:rgba(0, 0, 0, 0)\" class=\"has-inline-color has-cerulean-blue-color\">PL<\/mark><br><a href=\"tel:+48 533 433 770\">+48 533 433 770<\/a><br><a href=\"mailto:mikoda@jollyheap.com\" target=\"_blank\" rel=\"noreferrer noopener\">mikoda@jollyheap.com<\/a><\/p>\n<\/div>\n<\/div><\/div><\/div>\n\n\n\n<div class=\"eb-parent-wrapper eb-parent-eb-column-dca7y14  wp-block-essential-blocks-column\"><div class=\"eb-column-wrapper eb-column-dca7y14\"><div class=\"eb-column-inner\">\n<div class=\"wp-block-group item-contact-block is-layout-constrained wp-block-group-is-layout-constrained\">\n<p class=\"has-text-align-center\"><strong>David Wells<\/strong><br><mark style=\"background-color:rgba(0, 0, 0, 0)\" class=\"has-inline-color has-cerulean-blue-color\">DE, FR, ENG<\/mark><br><a href=\"tel:+48 535 637 909\">+48 535 637 909<\/a><br><a href=\"tel:+49 351 838 03 880\">+49 351 838 03 880<\/a><br><a href=\"mailto:david@jollyheap.com\" target=\"_blank\" rel=\"noreferrer noopener\">david@jollyheap.com<\/a><\/p>\n<\/div>\n<\/div><\/div><\/div>\n\n\n\n<div class=\"eb-parent-wrapper eb-parent-eb-column-jx8226h  wp-block-essential-blocks-column\"><div class=\"eb-column-wrapper eb-column-jx8226h\"><div class=\"eb-column-inner\">\n<div class=\"wp-block-group item-contact-block is-layout-constrained wp-block-group-is-layout-constrained\">\n<p class=\"has-text-align-center\"><strong>Andrew Dzyuba<\/strong><br>ENG, UKR, PL, RU<br><a href=\"tel:+48 519 171 197\"><\/a><a href=\"tel:+48 519 171 197\" target=\"_blank\" rel=\"noreferrer noopener\">+48 519 171 197<\/a><br><a href=\"tel:+49 351 838 03 880\">+49 351 838 03 880<\/a><br><a href=\"mailto:andrew@jollyheap.com\" target=\"_blank\" rel=\"noreferrer noopener\">andrew@jollyheap.com<\/a><\/p>\n<\/div>\n<\/div><\/div><\/div>\n<\/div><\/div><\/div><\/div><\/div>\n<\/div>\n<\/section>\n\n\n\n<div class=\"wp-block-group blue-form-section is-layout-constrained wp-block-group-is-layout-constrained\">\n<div id=\"formularz\" class=\"wp-block-group container is-layout-constrained wp-block-group-is-layout-constrained\"><script type=\"text\/javascript\">\n\/* <![CDATA[ *\/\nvar gform;gform||(document.addEventListener(\"gform_main_scripts_loaded\",function(){gform.scriptsLoaded=!0}),document.addEventListener(\"gform\/theme\/scripts_loaded\",function(){gform.themeScriptsLoaded=!0}),window.addEventListener(\"DOMContentLoaded\",function(){gform.domLoaded=!0}),gform={domLoaded:!1,scriptsLoaded:!1,themeScriptsLoaded:!1,isFormEditor:()=>\"function\"==typeof InitializeEditor,callIfLoaded:function(o){return!(!gform.domLoaded||!gform.scriptsLoaded||!gform.themeScriptsLoaded&&!gform.isFormEditor()||(gform.isFormEditor()&&console.warn(\"The use of gform.initializeOnLoaded() is deprecated in the form editor context and will be removed in Gravity Forms 3.1.\"),o(),0))},initializeOnLoaded:function(o){gform.callIfLoaded(o)||(document.addEventListener(\"gform_main_scripts_loaded\",()=>{gform.scriptsLoaded=!0,gform.callIfLoaded(o)}),document.addEventListener(\"gform\/theme\/scripts_loaded\",()=>{gform.themeScriptsLoaded=!0,gform.callIfLoaded(o)}),window.addEventListener(\"DOMContentLoaded\",()=>{gform.domLoaded=!0,gform.callIfLoaded(o)}))},hooks:{action:{},filter:{}},addAction:function(o,r,e,t){gform.addHook(\"action\",o,r,e,t)},addFilter:function(o,r,e,t){gform.addHook(\"filter\",o,r,e,t)},doAction:function(o){gform.doHook(\"action\",o,arguments)},applyFilters:function(o){return gform.doHook(\"filter\",o,arguments)},removeAction:function(o,r){gform.removeHook(\"action\",o,r)},removeFilter:function(o,r,e){gform.removeHook(\"filter\",o,r,e)},addHook:function(o,r,e,t,n){null==gform.hooks[o][r]&&(gform.hooks[o][r]=[]);var d=gform.hooks[o][r];null==n&&(n=r+\"_\"+d.length),gform.hooks[o][r].push({tag:n,callable:e,priority:t=null==t?10:t})},doHook:function(r,o,e){var t;if(e=Array.prototype.slice.call(e,1),null!=gform.hooks[r][o]&&((o=gform.hooks[r][o]).sort(function(o,r){return o.priority-r.priority}),o.forEach(function(o){\"function\"!=typeof(t=o.callable)&&(t=window[t]),\"action\"==r?t.apply(null,e):e[0]=t.apply(null,e)})),\"filter\"==r)return e[0]},removeHook:function(o,r,t,n){var e;null!=gform.hooks[o][r]&&(e=(e=gform.hooks[o][r]).filter(function(o,r,e){return!!(null!=n&&n!=o.tag||null!=t&&t!=o.priority)}),gform.hooks[o][r]=e)}});\n\/* ]]> *\/\n<\/script>\n\n                <div class='gf_browser_gecko gform_wrapper gravity-theme gform-theme--no-framework' data-form-theme='gravity-theme' data-form-index='0' id='gform_wrapper_3' ><div id='gf_3' class='gform_anchor' tabindex='-1'><\/div>\n                        <div class='gform_heading'>\n                            <h2 class=\"gform_title\">Formularz kontaktowy<\/h2>\n                            <p class='gform_description'>Chcesz zapyta\u0107 o zakup lub potrzebujesz informacji na temat produktu? Mo\u017cesz u\u017cy\u0107 poni\u017cszego formularza kontaktu.<\/p>\n\t\t\t\t\t\t\t<p class='gform_required_legend'>&quot;<span class=\"gfield_required gfield_required_asterisk\">*<\/span>&quot; oznacza pola wymagane<\/p>\n                        <\/div><form method='post' enctype='multipart\/form-data' target='gform_ajax_frame_3' id='gform_3'  action='\/pl\/wp-json\/wp\/v2\/pages\/1037#gf_3' data-formid='3' novalidate>\n                        <div class='gform-body gform_body'><div id='gform_fields_3' class='gform_fields top_label form_sublabel_below description_below validation_below'><div id=\"field_3_1\" class=\"gfield gfield--type-text gfield--input-type-text gfield_contains_required field_sublabel_below gfield--no-description field_description_below hidden_label field_validation_below gfield_visibility_visible\"  ><label class='gfield_label gform-field-label' for='input_3_1'>imi\u0119 i nazwisko<span class=\"gfield_required\"><span class=\"gfield_required gfield_required_asterisk\">*<\/span><\/span><\/label><div class='ginput_container ginput_container_text'><input name='input_1' id='input_3_1' type='text' value='' class='large'    placeholder='imi\u0119 i nazwisko' aria-required=\"true\" aria-invalid=\"false\"   \/><\/div><\/div><div id=\"field_3_2\" class=\"gfield gfield--type-email gfield--input-type-email gfield--width-half field_sublabel_below gfield--no-description field_description_below hidden_label field_validation_below gfield_visibility_visible\"  ><label class='gfield_label gform-field-label' for='input_3_2'>Email<\/label><div class='ginput_container ginput_container_email'>\n                            <input name='input_2' id='input_3_2' type='email' value='' class='large'   placeholder='e-mail'  aria-invalid=\"false\"  \/>\n                        <\/div><\/div><div id=\"field_3_3\" class=\"gfield gfield--type-phone gfield--input-type-phone gfield--width-half field_sublabel_below gfield--no-description field_description_below hidden_label field_validation_below gfield_visibility_visible\"  ><label class='gfield_label gform-field-label' for='input_3_3'>telefon &#8211; niewymagane<\/label><div class='ginput_container ginput_container_phone'><input name='input_3' id='input_3_3' type='tel' value='' class='large'  placeholder='telefon - niewymagane'  aria-invalid=\"false\"   \/><\/div><\/div><div id=\"field_3_4\" class=\"gfield gfield--type-textarea gfield--input-type-textarea gfield--width-full field_sublabel_below gfield--no-description field_description_below hidden_label field_validation_below gfield_visibility_visible\"  ><label class='gfield_label gform-field-label' for='input_3_4'>Napisz wiadomo\u015b\u0107<\/label><div class='ginput_container ginput_container_textarea'><textarea name='input_4' id='input_3_4' class='textarea large'    placeholder='Napisz wiadomo\u015b\u0107'  aria-invalid=\"false\"   rows='10' cols='50'><\/textarea><\/div><\/div><fieldset id=\"field_3_5\" class=\"gfield gfield--type-checkbox gfield--type-choice gfield--input-type-checkbox gfield_contains_required field_sublabel_below gfield--has-description field_description_below field_validation_below gfield_visibility_visible\"  ><legend class='gfield_label gform-field-label gfield_label_before_complex' >Polityka prywatno\u015bci<span class=\"gfield_required\"><span class=\"gfield_required gfield_required_asterisk\">*<\/span><\/span><\/legend><div class='ginput_container ginput_container_checkbox'><div class='gfield_checkbox ' id='input_3_5'><div class='gchoice gchoice_3_5_1'>\n\t\t\t\t\t\t\t\t<input class='gfield-choice-input' name='input_5.1' type='checkbox'  value='Przeczyta\u0142em\/am Polityk\u0119 Prywatno\u015bci i zgadzam si\u0119 na przetwarzanie danych w celach kontaktowych.'  id='choice_3_5_1'   aria-describedby=\"gfield_description_3_5\"\/>\n\t\t\t\t\t\t\t\t<label for='choice_3_5_1' id='label_3_5_1' class='gform-field-label gform-field-label--type-inline'>Przeczyta\u0142em\/am Polityk\u0119 Prywatno\u015bci i zgadzam si\u0119 na przetwarzanie danych w celach kontaktowych.<\/label>\n\t\t\t\t\t\t\t<\/div><\/div><\/div><div class='gfield_description' id='gfield_description_3_5'>Wysy\u0142aj\u0105c powy\u017cszy formularz wraz z zaznaczeniem odpowiedniego pola w formularzu wyra\u017cam zgod\u0119 na przetwarzanie moich danych osobowych zawartych w przes\u0142anym zg\u0142oszeniu przez firm\u0119 \u201eJolly-Heap\u201d Svitlana Sapunova, adres siedziby 55-020, Rzeplin, Aleja Led 4, dla potrzeb niezb\u0119dnych do realizacji odpowiedzi na przes\u0142ane zg\u0142oszenie, zgodnie z przepisami Rozporz\u0105dzenie Parlamentu Europejskiego i Rady (UE) 2016\/679 z dnia 27 kwietnia 2016 r. w sprawie ochrony os\u00f3b fizycznych w zwi\u0105zku z przetwarzaniem danych osobowych i w sprawie swobodnego przep\u0142ywu takich danych oraz uchylenia dyrektywy 95\/46\/WE (okre\u015blane jako \u201eRODO\u201d, \u201eORODO\u201d, \u201eGDPR\u201d lub \u201eOg\u00f3lne Rozporz\u0105dzenie o Ochronie Danych\u201d).<\/div><\/fieldset><div id=\"field_3_6\" class=\"gfield gfield--type-captcha gfield--input-type-captcha field_sublabel_below gfield--no-description field_description_below hidden_label field_validation_below gfield_visibility_visible\"  ><label class='gfield_label gform-field-label' for='input_3_6'>CAPTCHA<\/label><div id='input_3_6' class='ginput_container ginput_recaptcha' data-sitekey='6LcNoLYpAAAAAP-L3pKeCrTiMstc6YdYO9c235bu'  data-theme='light' data-tabindex='-1' data-size='invisible' data-badge='bottomright'><\/div><\/div><\/div><\/div>\n        <div class='gform-footer gform_footer top_label'> <input type='submit' id='gform_submit_button_3' class='gform_button button' onclick='gform.submission.handleButtonClick(this);' data-submission-type='submit' value='WY\u015aLIJ'  \/> <input type='hidden' name='gform_ajax' value='form_id=3&amp;title=1&amp;description=1&amp;tabindex=0&amp;theme=gravity-theme&amp;styles={&quot;theme&quot;:&quot;gravity-theme&quot;,&quot;inputPrimaryColor&quot;:&quot;#204ce5&quot;}&amp;hash=4ef9d35ffc8fc337dd18cf60e5f48458' \/>\n            <input type='hidden' class='gform_hidden' name='gform_submission_method' data-js='gform_submission_method_3' value='iframe' \/>\n            <input type='hidden' class='gform_hidden' name='gform_theme' data-js='gform_theme_3' id='gform_theme_3' value='gravity-theme' \/>\n            <input type='hidden' class='gform_hidden' name='gform_style_settings' data-js='gform_style_settings_3' id='gform_style_settings_3' value='{&quot;theme&quot;:&quot;gravity-theme&quot;,&quot;inputPrimaryColor&quot;:&quot;#204ce5&quot;}' \/>\n            <input type='hidden' class='gform_hidden' name='is_submit_3' value='1' \/>\n            <input type='hidden' class='gform_hidden' name='gform_submit' value='3' \/>\n            \n            <input type='hidden' class='gform_hidden' name='gform_currency' data-currency='USD' value='8Jw9Q86i4Q0r6bIxtz97dDsez1JvOdEZTT9oKp2RQt1eODiYEoEmjhKqk1\/JgsOB4K3\/cuH3wpesRF3lz6IP8AAye5eoVUNX9QUV6YTPN3cD2ig=' \/>\n            <input type='hidden' class='gform_hidden' name='gform_unique_id' value='' \/>\n            <input type='hidden' class='gform_hidden' name='state_3' value='WyJ7XCI1LjFcIjpcImQyZWQ1NDFlNDFjODA3ZjYzOWYxN2JmNDA0MTFjYWYyXCJ9IiwiNTViY2Q3ZjFiY2IyMWM1Mzg3OTRlMDMxMTU5ZGFlY2UiXQ==' \/>\n            <input type='hidden' autocomplete='off' class='gform_hidden' name='gform_target_page_number_3' id='gform_target_page_number_3' value='0' \/>\n            <input type='hidden' autocomplete='off' class='gform_hidden' name='gform_source_page_number_3' id='gform_source_page_number_3' value='1' \/>\n            <input type='hidden' name='gform_field_values' value='' \/>\n            \n        <\/div>\n                        <\/form>\n                        <\/div>\n\t\t                <iframe style='display:none;width:0px;height:0px;' src='about:blank' name='gform_ajax_frame_3' id='gform_ajax_frame_3' title='Ten element iframe zawiera logik\u0119 wymagan\u0105 do obs\u0142ugi Gravity Forms u\u017cywaj\u0105cych technologii Ajax.'><\/iframe>\n\t\t                <script type=\"text\/javascript\">\n\/* <![CDATA[ *\/\n gform.initializeOnLoaded( function() {gformInitSpinner( 3, 'https:\/\/jollyheap.com\/wp-content\/plugins\/gravityforms\/images\/spinner.svg', true );jQuery('#gform_ajax_frame_3').on('load',function(){var contents = jQuery(this).contents().find('*').html();var is_postback = contents.indexOf('GF_AJAX_POSTBACK') >= 0;if(!is_postback){return;}var form_content = jQuery(this).contents().find('#gform_wrapper_3');var is_confirmation = jQuery(this).contents().find('#gform_confirmation_wrapper_3').length > 0;var is_redirect = contents.indexOf('gformRedirect(){') >= 0;var is_form = form_content.length > 0 && ! is_redirect && ! is_confirmation;var mt = parseInt(jQuery('html').css('margin-top'), 10) + parseInt(jQuery('body').css('margin-top'), 10) + 100;if(is_form){jQuery('#gform_wrapper_3').html(form_content.html());if(form_content.hasClass('gform_validation_error')){jQuery('#gform_wrapper_3').addClass('gform_validation_error');} else {jQuery('#gform_wrapper_3').removeClass('gform_validation_error');}setTimeout( function() { \/* delay the scroll by 50 milliseconds to fix a bug in chrome *\/ jQuery(document).scrollTop(jQuery('#gform_wrapper_3').offset().top - mt); }, 50 );if(window['gformInitDatepicker']) {gformInitDatepicker();}if(window['gformInitPriceFields']) {gformInitPriceFields();}var current_page = jQuery('#gform_source_page_number_3').val();gformInitSpinner( 3, 'https:\/\/jollyheap.com\/wp-content\/plugins\/gravityforms\/images\/spinner.svg', true );jQuery(document).trigger('gform_page_loaded', [3, current_page]);window['gf_submitting_3'] = false;}else if(!is_redirect){var confirmation_content = jQuery(this).contents().find('.GF_AJAX_POSTBACK').html();if(!confirmation_content){confirmation_content = contents;}jQuery('#gform_wrapper_3').replaceWith(confirmation_content);jQuery(document).scrollTop(jQuery('#gf_3').offset().top - mt);jQuery(document).trigger('gform_confirmation_loaded', [3]);window['gf_submitting_3'] = false;wp.a11y.speak(jQuery('#gform_confirmation_message_3').text());}else{jQuery('#gform_3').append(contents);if(window['gformRedirect']) {gformRedirect();}}jQuery(document).trigger(\"gform_pre_post_render\", [{ formId: \"3\", currentPage: \"current_page\", abort: function() { this.preventDefault(); } }]);        if (event && event.defaultPrevented) {                return;        }        const gformWrapperDiv = document.getElementById( \"gform_wrapper_3\" );        if ( gformWrapperDiv ) {            const visibilitySpan = document.createElement( \"span\" );            visibilitySpan.id = \"gform_visibility_test_3\";            gformWrapperDiv.insertAdjacentElement( \"afterend\", visibilitySpan );        }        const visibilityTestDiv = document.getElementById( \"gform_visibility_test_3\" );        let postRenderFired = false;        function triggerPostRender() {            if ( postRenderFired ) {                return;            }            postRenderFired = true;            gform.core.triggerPostRenderEvents( 3, current_page );            if ( visibilityTestDiv ) {                visibilityTestDiv.parentNode.removeChild( visibilityTestDiv );            }        }        function debounce( func, wait, immediate ) {            var timeout;            return function() {                var context = this, args = arguments;                var later = function() {                    timeout = null;                    if ( !immediate ) func.apply( context, args );                };                var callNow = immediate && !timeout;                clearTimeout( timeout );                timeout = setTimeout( later, wait );                if ( callNow ) func.apply( context, args );            };        }        const debouncedTriggerPostRender = debounce( function() {            triggerPostRender();        }, 200 );        if ( visibilityTestDiv && visibilityTestDiv.offsetParent === null ) {            const observer = new MutationObserver( ( mutations ) => {                mutations.forEach( ( mutation ) => {                    if ( mutation.type === 'attributes' && visibilityTestDiv.offsetParent !== null ) {                        debouncedTriggerPostRender();                        observer.disconnect();                    }                });            });            observer.observe( document.body, {                attributes: true,                childList: false,                subtree: true,                attributeFilter: [ 'style', 'class' ],            });        } else {            triggerPostRender();        }    } );} ); \n\/* ]]> *\/\n<\/script>\n<\/div>\n<\/div>\n","protected":false},"excerpt":{"rendered":"<p>Skontaktuj si\u0119 Masz pytania? Ch\u0119tnie podzielimy si\u0119 nasz\u0105wiedz\u0105 i do\u015bwiadczeniem. Klienci biznesowi Chcesz zosta\u0107 naszym partnerem B2B?Wype\u0142nij kr\u00f3tki formularz zg\u0142oszeniowy. Jeste\u015b naszym partnerem biznesowym?Skontaktuj si\u0119 z jednym z naszych opiekun\u00f3w.<\/p>\n","protected":false},"author":1,"featured_media":0,"parent":0,"menu_order":0,"comment_status":"closed","ping_status":"closed","template":"page-fullwidth.php","meta":{"_eb_attr":"","inline_featured_image":false,"footnotes":""},"class_list":["post-1037","page","type-page","status-publish","hentry"],"_links":{"self":[{"href":"https:\/\/jollyheap.com\/pl\/wp-json\/wp\/v2\/pages\/1037","targetHints":{"allow":["GET"]}}],"collection":[{"href":"https:\/\/jollyheap.com\/pl\/wp-json\/wp\/v2\/pages"}],"about":[{"href":"https:\/\/jollyheap.com\/pl\/wp-json\/wp\/v2\/types\/page"}],"author":[{"embeddable":true,"href":"https:\/\/jollyheap.com\/pl\/wp-json\/wp\/v2\/users\/1"}],"replies":[{"embeddable":true,"href":"https:\/\/jollyheap.com\/pl\/wp-json\/wp\/v2\/comments?post=1037"}],"version-history":[{"count":8,"href":"https:\/\/jollyheap.com\/pl\/wp-json\/wp\/v2\/pages\/1037\/revisions"}],"predecessor-version":[{"id":2672,"href":"https:\/\/jollyheap.com\/pl\/wp-json\/wp\/v2\/pages\/1037\/revisions\/2672"}],"wp:attachment":[{"href":"https:\/\/jollyheap.com\/pl\/wp-json\/wp\/v2\/media?parent=1037"}],"curies":[{"name":"wp","href":"https:\/\/api.w.org\/{rel}","templated":true}]}}