{"id":1043,"date":"2024-02-27T13:03:45","date_gmt":"2024-02-27T13:03:45","guid":{"rendered":"https:\/\/jollyheap.com\/become-our-distributor\/"},"modified":"2024-10-14T09:56:57","modified_gmt":"2024-10-14T09:56:57","slug":"become-our-distributor","status":"publish","type":"page","link":"https:\/\/jollyheap.com\/pl\/become-our-distributor\/","title":{"rendered":"Zosta\u0144 naszym dystrybutorem"},"content":{"rendered":"\n<div class=\"wp-block-group grey-form-section has-very-light-blue-background-color has-background is-layout-constrained wp-block-group-is-layout-constrained\">\n<h1 class=\"wp-block-heading has-text-align-center\">Zosta\u0144 naszym dystrybutorem<\/h1>\n\n\n\n<h2 class=\"wp-block-heading has-text-align-center\">Co zyskuj\u0119?<\/h2>\n\n\n\n<div class=\"wp-block-essential-blocks-row alignfull\"><div class=\"eb-parent-wrapper eb-parent-eb-row-phuhc05 \"><div class=\"eb-row-root-container eb-row-phuhc05\" data-id=\"eb-row-phuhc05\"><div class=\"eb-row-wrapper\"><div class=\"eb-row-inner\">\n<div class=\"eb-parent-wrapper eb-parent-eb-column-99dl1p0  wp-block-essential-blocks-column\"><div class=\"eb-column-wrapper eb-column-99dl1p0\"><div class=\"eb-column-inner\">\n<div class=\"wp-block-group item-contact-block is-layout-constrained wp-block-group-is-layout-constrained\">\n<p class=\"has-text-align-center has-small-font-size\" style=\"text-transform:uppercase\">Dost\u0119p do cen hurtowych<\/p>\n<\/div>\n<\/div><\/div><\/div>\n\n\n\n<div class=\"eb-parent-wrapper eb-parent-eb-column-mh9ia0x  wp-block-essential-blocks-column\"><div class=\"eb-column-wrapper eb-column-mh9ia0x\"><div class=\"eb-column-inner\">\n<div class=\"wp-block-group item-contact-block is-layout-constrained wp-block-group-is-layout-constrained\">\n<p class=\"has-text-align-center has-small-font-size\" style=\"text-transform:uppercase\">nasz\u0105 wiedz\u0119 i do\u015bwiadczenie<\/p>\n<\/div>\n<\/div><\/div><\/div>\n\n\n\n<div class=\"eb-parent-wrapper eb-parent-eb-column-dca7y14  wp-block-essential-blocks-column\"><div class=\"eb-column-wrapper eb-column-dca7y14\"><div class=\"eb-column-inner\">\n<div class=\"wp-block-group item-contact-block is-layout-constrained wp-block-group-is-layout-constrained\">\n<p class=\"has-small-font-size\" style=\"text-transform:uppercase\">wszystkie potrzebne materia\u0142y marketingowe<\/p>\n<\/div>\n<\/div><\/div><\/div>\n\n\n\n<div class=\"eb-parent-wrapper eb-parent-eb-column-jx8226h  wp-block-essential-blocks-column\"><div class=\"eb-column-wrapper eb-column-jx8226h\"><div class=\"eb-column-inner\">\n<div class=\"wp-block-group item-contact-block is-layout-constrained wp-block-group-is-layout-constrained\">\n<p class=\"has-text-align-center has-small-font-size\" style=\"text-transform:uppercase\">opiekuna, kt\u00f3ry wspiera ci\u0119 w sprzeda\u017cy<\/p>\n<\/div>\n<\/div><\/div><\/div>\n<\/div><\/div><\/div><\/div><\/div>\n\n\n\n\n\n\n<script type=\"text\/javascript\">\n\/* <![CDATA[ *\/\nvar gform;gform||(document.addEventListener(\"gform_main_scripts_loaded\",function(){gform.scriptsLoaded=!0}),document.addEventListener(\"gform\/theme\/scripts_loaded\",function(){gform.themeScriptsLoaded=!0}),window.addEventListener(\"DOMContentLoaded\",function(){gform.domLoaded=!0}),gform={domLoaded:!1,scriptsLoaded:!1,themeScriptsLoaded:!1,isFormEditor:()=>\"function\"==typeof InitializeEditor,callIfLoaded:function(o){return!(!gform.domLoaded||!gform.scriptsLoaded||!gform.themeScriptsLoaded&&!gform.isFormEditor()||(gform.isFormEditor()&&console.warn(\"The use of gform.initializeOnLoaded() is deprecated in the form editor context and will be removed in Gravity Forms 3.1.\"),o(),0))},initializeOnLoaded:function(o){gform.callIfLoaded(o)||(document.addEventListener(\"gform_main_scripts_loaded\",()=>{gform.scriptsLoaded=!0,gform.callIfLoaded(o)}),document.addEventListener(\"gform\/theme\/scripts_loaded\",()=>{gform.themeScriptsLoaded=!0,gform.callIfLoaded(o)}),window.addEventListener(\"DOMContentLoaded\",()=>{gform.domLoaded=!0,gform.callIfLoaded(o)}))},hooks:{action:{},filter:{}},addAction:function(o,r,e,t){gform.addHook(\"action\",o,r,e,t)},addFilter:function(o,r,e,t){gform.addHook(\"filter\",o,r,e,t)},doAction:function(o){gform.doHook(\"action\",o,arguments)},applyFilters:function(o){return gform.doHook(\"filter\",o,arguments)},removeAction:function(o,r){gform.removeHook(\"action\",o,r)},removeFilter:function(o,r,e){gform.removeHook(\"filter\",o,r,e)},addHook:function(o,r,e,t,n){null==gform.hooks[o][r]&&(gform.hooks[o][r]=[]);var d=gform.hooks[o][r];null==n&&(n=r+\"_\"+d.length),gform.hooks[o][r].push({tag:n,callable:e,priority:t=null==t?10:t})},doHook:function(r,o,e){var t;if(e=Array.prototype.slice.call(e,1),null!=gform.hooks[r][o]&&((o=gform.hooks[r][o]).sort(function(o,r){return o.priority-r.priority}),o.forEach(function(o){\"function\"!=typeof(t=o.callable)&&(t=window[t]),\"action\"==r?t.apply(null,e):e[0]=t.apply(null,e)})),\"filter\"==r)return e[0]},removeHook:function(o,r,t,n){var e;null!=gform.hooks[o][r]&&(e=(e=gform.hooks[o][r]).filter(function(o,r,e){return!!(null!=n&&n!=o.tag||null!=t&&t!=o.priority)}),gform.hooks[o][r]=e)}});\n\/* ]]> *\/\n<\/script>\n\n                <div class='gf_browser_gecko gform_wrapper gravity-theme gform-theme--no-framework' data-form-theme='gravity-theme' data-form-index='0' id='gform_wrapper_4' >\n                        <div class='gform_heading'>\n\t\t\t\t\t\t\t<p class='gform_required_legend'>&quot;<span class=\"gfield_required gfield_required_asterisk\">*<\/span>&quot; oznacza pola wymagane<\/p>\n                        <\/div><form method='post' enctype='multipart\/form-data'  id='gform_4'  action='\/pl\/wp-json\/wp\/v2\/pages\/1043' data-formid='4' novalidate>\n                        <div class='gform-body gform_body'><div id='gform_fields_4' class='gform_fields top_label form_sublabel_below description_below validation_below'><div id=\"field_4_7\" class=\"gfield gfield--type-email gfield--input-type-email gfield--width-full gfield_contains_required field_sublabel_below gfield--no-description field_description_below hidden_label field_validation_below gfield_visibility_visible\"  ><label class='gfield_label gform-field-label' for='input_4_7'>Email<span class=\"gfield_required\"><span class=\"gfield_required gfield_required_asterisk\">*<\/span><\/span><\/label><div class='ginput_container ginput_container_email'>\n                            <input name='input_7' id='input_4_7' type='email' value='' class='large'   placeholder='e-mail' aria-required=\"true\" aria-invalid=\"false\"  \/>\n                        <\/div><\/div><div id=\"field_4_1\" class=\"gfield gfield--type-text gfield--input-type-text field_sublabel_below gfield--no-description field_description_below hidden_label field_validation_below gfield_visibility_visible\"  ><label class='gfield_label gform-field-label' for='input_4_1'>nazwa firmy<\/label><div class='ginput_container ginput_container_text'><input name='input_1' id='input_4_1' type='text' value='' class='large'    placeholder='nazwa firmy'  aria-invalid=\"false\"   \/><\/div><\/div><div id=\"field_4_8\" class=\"gfield gfield--type-text gfield--input-type-text gfield--width-full field_sublabel_below gfield--no-description field_description_below hidden_label field_validation_below gfield_visibility_visible\"  ><label class='gfield_label gform-field-label' for='input_4_8'>imi\u0119 i nazwisko<\/label><div class='ginput_container ginput_container_text'><input name='input_8' id='input_4_8' type='text' value='' class='large'    placeholder='imi\u0119 i nazwisko'  aria-invalid=\"false\"   \/><\/div><\/div><div id=\"field_4_9\" class=\"gfield gfield--type-text gfield--input-type-text gfield--width-full field_sublabel_below gfield--no-description field_description_below hidden_label field_validation_below gfield_visibility_visible\"  ><label class='gfield_label gform-field-label' for='input_4_9'>miejscowo\u015b\u0107<\/label><div class='ginput_container ginput_container_text'><input name='input_9' id='input_4_9' type='text' value='' class='large'    placeholder='miejscowo\u015b\u0107'  aria-invalid=\"false\"   \/><\/div><\/div><div id=\"field_4_10\" class=\"gfield gfield--type-text gfield--input-type-text gfield--width-full field_sublabel_below gfield--no-description field_description_below hidden_label field_validation_below gfield_visibility_visible\"  ><label class='gfield_label gform-field-label' for='input_4_10'>bran\u017ca<\/label><div class='ginput_container ginput_container_text'><input name='input_10' id='input_4_10' type='text' value='' class='large'    placeholder='bran\u017ca'  aria-invalid=\"false\"   \/><\/div><\/div><div id=\"field_4_11\" class=\"gfield gfield--type-textarea gfield--input-type-textarea field_sublabel_below gfield--no-description field_description_below hidden_label field_validation_below gfield_visibility_visible\"  ><label class='gfield_label gform-field-label' for='input_4_11'>Powiedz nam wi\u0119cej o swojej firmie<\/label><div class='ginput_container ginput_container_textarea'><textarea name='input_11' id='input_4_11' class='textarea large'    placeholder='Powiedz nam wi\u0119cej o swojej firmie'  aria-invalid=\"false\"   rows='10' cols='50'><\/textarea><\/div><\/div><fieldset id=\"field_4_12\" class=\"gfield gfield--type-checkbox gfield--type-choice gfield--input-type-checkbox gfield_contains_required field_sublabel_below gfield--no-description field_description_below field_validation_below gfield_visibility_visible\"  ><legend class='gfield_label gform-field-label gfield_label_before_complex' >Polityka prywatno\u015bci<span class=\"gfield_required\"><span class=\"gfield_required gfield_required_asterisk\">*<\/span><\/span><\/legend><div class='ginput_container ginput_container_checkbox'><div class='gfield_checkbox ' id='input_4_12'><div class='gchoice gchoice_4_12_1'>\n\t\t\t\t\t\t\t\t<input class='gfield-choice-input' name='input_12.1' type='checkbox'  value='Przeczyta\u0142em\/am Polityk\u0119 Prywatno\u015bci i zgadzam si\u0119 na przetwarzanie danych w celach kontaktowych.'  id='choice_4_12_1'   \/>\n\t\t\t\t\t\t\t\t<label for='choice_4_12_1' id='label_4_12_1' class='gform-field-label gform-field-label--type-inline'>Przeczyta\u0142em\/am Polityk\u0119 Prywatno\u015bci i zgadzam si\u0119 na przetwarzanie danych w celach kontaktowych.<\/label>\n\t\t\t\t\t\t\t<\/div><\/div><\/div><\/fieldset><fieldset id=\"field_4_13\" class=\"gfield gfield--type-checkbox gfield--type-choice gfield--input-type-checkbox gfield_contains_required field_sublabel_below gfield--has-description field_description_below field_validation_below gfield_visibility_visible\"  ><legend class='gfield_label gform-field-label gfield_label_before_complex' >RODO<span class=\"gfield_required\"><span class=\"gfield_required gfield_required_asterisk\">*<\/span><\/span><\/legend><div class='ginput_container ginput_container_checkbox'><div class='gfield_checkbox ' id='input_4_13'><div class='gchoice gchoice_4_13_1'>\n\t\t\t\t\t\t\t\t<input class='gfield-choice-input' name='input_13.1' type='checkbox'  value='Zgadzam si\u0119 na przetwarzanie danych przez JollyHeap\u00ae sp.z o.o. z siedzib\u0105 przy Aleja Led 4, Rzeplin Wroc\u0142aw 55-020, Polska, w celu oceny mo\u017cliwo\u015bci przysz\u0142ej wsp\u00f3\u0142pracy.'  id='choice_4_13_1'   aria-describedby=\"gfield_description_4_13\"\/>\n\t\t\t\t\t\t\t\t<label for='choice_4_13_1' id='label_4_13_1' class='gform-field-label gform-field-label--type-inline'>Zgadzam si\u0119 na przetwarzanie danych przez JollyHeap\u00ae sp.z o.o. z siedzib\u0105 przy Aleja Led 4, Rzeplin Wroc\u0142aw 55-020, Polska, w celu oceny mo\u017cliwo\u015bci przysz\u0142ej wsp\u00f3\u0142pracy.<\/label>\n\t\t\t\t\t\t\t<\/div><\/div><\/div><div class='gfield_description' id='gfield_description_4_13'>Administratorem Pa\u0144stwa danych osobowych jest &#8222;JollyHeap&#8221; Svitlana Sapunova, Aleja Led 4, 55-020 Rzeplin, NIP 8992772832, numer telefonu: +48533433770, adres e-mail: info@jollyheap.com. Pa\u0144stwa dane s\u0105 zbierane w celu nawi\u0105zania kontaktu, przeprowadzenia rozm\u00f3w biznesowych i realizacji umowy handlowej. Posiadaj\u0105 Pa\u0144stwo prawo dost\u0119pu do swoich danych osobowych, prawo \u017c\u0105dania ich poprawy, usuni\u0119cia lub ograniczenia przetwarzania, prawo do przenoszenia danych. Szczeg\u00f3\u0142y dotycz\u0105ce przetwarzania dost\u0119pne s\u0105 w Polityce Prywatno\u015bci dost\u0119pnej na stronie jollyheap.com. Pa\u0144stwa dane mog\u0105 by\u0107 przekazywane podmiotom \u015bwiadcz\u0105cym us\u0142ugi z zakresu prawa, ksi\u0119gowo\u015bci, marketingu, wysy\u0142ki oraz IT na rzecz Administratora. Pa\u0144stwa dane b\u0119d\u0105 przechowywane do czasu wycofania zgody. W przypadku wsp\u00f3\u0142pracy, Pa\u0144stwa dane b\u0119d\u0105 przechowywane na innej podstawie prawnej, tj. konieczno\u015bci wykonania umowy zgodnie z art. 6 ust. 1 lit. b) RODO. W zwi\u0105zku z przetwarzaniem Pa\u0144stwa danych przez Administratora, przys\u0142uguj\u0105 Pa\u0144stwu nast\u0119puj\u0105ce prawa: prawo dost\u0119pu do danych, \u017c\u0105dania ich poprawy, usuni\u0119cia lub ograniczenia przetwarzania, prawo do przenoszenia danych do innego administratora, prawo do cofni\u0119cia zgody na przetwarzanie danych; cofni\u0119cie zgody nie wp\u0142ywa na zgodno\u015b\u0107 z prawem przetwarzania, kt\u00f3re mia\u0142o miejsce przed jej wycofaniem; prawo wniesienia skargi do organu nadzorczego zajmuj\u0105cego si\u0119 ochron\u0105 danych osobowych &#8211; je\u017celi stwierdzaj\u0105 Pa\u0144stwo, \u017ce dane s\u0105 przetwarzane niezgodnie z prawem. Podanie danych osobowych jest dobrowolne, jednak\u017ce ich niepodanie skutkowa\u0107 b\u0119dzie brakiem mo\u017cliwo\u015bci prowadzenia proces\u00f3w wsp\u00f3\u0142pracy z Administratorem.<\/div><\/fieldset><div id=\"field_4_14\" class=\"gfield gfield--type-captcha gfield--input-type-captcha field_sublabel_below gfield--no-description field_description_below hidden_label field_validation_below gfield_visibility_visible\"  ><label class='gfield_label gform-field-label' for='input_4_14'>CAPTCHA<\/label><div id='input_4_14' class='ginput_container ginput_recaptcha' data-sitekey='6LcNoLYpAAAAAP-L3pKeCrTiMstc6YdYO9c235bu'  data-theme='light' data-tabindex='-1' data-size='invisible' data-badge='bottomright'><\/div><\/div><\/div><\/div>\n        <div class='gform-footer gform_footer top_label'> <input type='submit' id='gform_submit_button_4' class='gform_button button' onclick='gform.submission.handleButtonClick(this);' data-submission-type='submit' value='WY\u015aLIJ'  \/> \n            <input type='hidden' class='gform_hidden' name='gform_submission_method' data-js='gform_submission_method_4' value='postback' \/>\n            <input type='hidden' class='gform_hidden' name='gform_theme' data-js='gform_theme_4' id='gform_theme_4' value='gravity-theme' \/>\n            <input type='hidden' class='gform_hidden' name='gform_style_settings' data-js='gform_style_settings_4' id='gform_style_settings_4' value='{&quot;theme&quot;:&quot;gravity-theme&quot;,&quot;inputPrimaryColor&quot;:&quot;#204ce5&quot;}' \/>\n            <input type='hidden' class='gform_hidden' name='is_submit_4' value='1' \/>\n            <input type='hidden' class='gform_hidden' name='gform_submit' value='4' \/>\n            \n            <input type='hidden' class='gform_hidden' name='gform_currency' data-currency='USD' value='qWNRQD5Bbchu\/5LEJdV7WcT3EBIPF5+hblIkTjyxIH2VhzezLIBPBpNhc9qhTU5qsJnkizHkYiizngOWjaa7lwj8e8k7Kf\/OVzbBf0yzY8VSlQg=' \/>\n            <input type='hidden' class='gform_hidden' name='gform_unique_id' value='' \/>\n            <input type='hidden' class='gform_hidden' name='state_4' value='WyJ7XCIxMi4xXCI6XCJkMmVkNTQxZTQxYzgwN2Y2MzlmMTdiZjQwNDExY2FmMlwiLFwiMTMuMVwiOlwiYTM5OGE1NDBlNDgwZTVmNTY2OTZiMWNjZGVjZTVmZmJcIn0iLCJkMzIwZmMxM2I0YTI2M2RiMjNkMThiMzc4YzEzYjAyZiJd' \/>\n            <input type='hidden' autocomplete='off' class='gform_hidden' name='gform_target_page_number_4' id='gform_target_page_number_4' value='0' \/>\n            <input type='hidden' autocomplete='off' class='gform_hidden' name='gform_source_page_number_4' id='gform_source_page_number_4' value='1' \/>\n            <input type='hidden' name='gform_field_values' value='' \/>\n            \n        <\/div>\n                        <\/form>\n                        <\/div><script type=\"text\/javascript\">\n\/* <![CDATA[ *\/\n gform.initializeOnLoaded( function() {gformInitSpinner( 4, 'https:\/\/jollyheap.com\/wp-content\/plugins\/gravityforms\/images\/spinner.svg', true );jQuery('#gform_ajax_frame_4').on('load',function(){var contents = jQuery(this).contents().find('*').html();var is_postback = contents.indexOf('GF_AJAX_POSTBACK') >= 0;if(!is_postback){return;}var form_content = jQuery(this).contents().find('#gform_wrapper_4');var is_confirmation = jQuery(this).contents().find('#gform_confirmation_wrapper_4').length > 0;var is_redirect = contents.indexOf('gformRedirect(){') >= 0;var is_form = form_content.length > 0 && ! is_redirect && ! is_confirmation;var mt = parseInt(jQuery('html').css('margin-top'), 10) + parseInt(jQuery('body').css('margin-top'), 10) + 100;if(is_form){jQuery('#gform_wrapper_4').html(form_content.html());if(form_content.hasClass('gform_validation_error')){jQuery('#gform_wrapper_4').addClass('gform_validation_error');} else {jQuery('#gform_wrapper_4').removeClass('gform_validation_error');}setTimeout( function() { \/* delay the scroll by 50 milliseconds to fix a bug in chrome *\/  }, 50 );if(window['gformInitDatepicker']) {gformInitDatepicker();}if(window['gformInitPriceFields']) {gformInitPriceFields();}var current_page = jQuery('#gform_source_page_number_4').val();gformInitSpinner( 4, 'https:\/\/jollyheap.com\/wp-content\/plugins\/gravityforms\/images\/spinner.svg', true );jQuery(document).trigger('gform_page_loaded', [4, current_page]);window['gf_submitting_4'] = false;}else if(!is_redirect){var confirmation_content = jQuery(this).contents().find('.GF_AJAX_POSTBACK').html();if(!confirmation_content){confirmation_content = contents;}jQuery('#gform_wrapper_4').replaceWith(confirmation_content);jQuery(document).trigger('gform_confirmation_loaded', [4]);window['gf_submitting_4'] = false;wp.a11y.speak(jQuery('#gform_confirmation_message_4').text());}else{jQuery('#gform_4').append(contents);if(window['gformRedirect']) {gformRedirect();}}jQuery(document).trigger(\"gform_pre_post_render\", [{ formId: \"4\", currentPage: \"current_page\", abort: function() { this.preventDefault(); } }]);        if (event && event.defaultPrevented) {                return;        }        const gformWrapperDiv = document.getElementById( \"gform_wrapper_4\" );        if ( gformWrapperDiv ) {            const visibilitySpan = document.createElement( \"span\" );            visibilitySpan.id = \"gform_visibility_test_4\";            gformWrapperDiv.insertAdjacentElement( \"afterend\", visibilitySpan );        }        const visibilityTestDiv = document.getElementById( \"gform_visibility_test_4\" );        let postRenderFired = false;        function triggerPostRender() {            if ( postRenderFired ) {                return;            }            postRenderFired = true;            gform.core.triggerPostRenderEvents( 4, current_page );            if ( visibilityTestDiv ) {                visibilityTestDiv.parentNode.removeChild( visibilityTestDiv );            }        }        function debounce( func, wait, immediate ) {            var timeout;            return function() {                var context = this, args = arguments;                var later = function() {                    timeout = null;                    if ( !immediate ) func.apply( context, args );                };                var callNow = immediate && !timeout;                clearTimeout( timeout );                timeout = setTimeout( later, wait );                if ( callNow ) func.apply( context, args );            };        }        const debouncedTriggerPostRender = debounce( function() {            triggerPostRender();        }, 200 );        if ( visibilityTestDiv && visibilityTestDiv.offsetParent === null ) {            const observer = new MutationObserver( ( mutations ) => {                mutations.forEach( ( mutation ) => {                    if ( mutation.type === 'attributes' && visibilityTestDiv.offsetParent !== null ) {                        debouncedTriggerPostRender();                        observer.disconnect();                    }                });            });            observer.observe( document.body, {                attributes: true,                childList: false,                subtree: true,                attributeFilter: [ 'style', 'class' ],            });        } else {            triggerPostRender();        }    } );} ); \n\/* ]]> *\/\n<\/script>\n<\/div>\n","protected":false},"excerpt":{"rendered":"<p>Zosta\u0144 naszym dystrybutorem Co zyskuj\u0119?<\/p>\n","protected":false},"author":1,"featured_media":0,"parent":0,"menu_order":0,"comment_status":"closed","ping_status":"closed","template":"","meta":{"_eb_attr":"","inline_featured_image":false,"footnotes":""},"class_list":["post-1043","page","type-page","status-publish","hentry"],"_links":{"self":[{"href":"https:\/\/jollyheap.com\/pl\/wp-json\/wp\/v2\/pages\/1043","targetHints":{"allow":["GET"]}}],"collection":[{"href":"https:\/\/jollyheap.com\/pl\/wp-json\/wp\/v2\/pages"}],"about":[{"href":"https:\/\/jollyheap.com\/pl\/wp-json\/wp\/v2\/types\/page"}],"author":[{"embeddable":true,"href":"https:\/\/jollyheap.com\/pl\/wp-json\/wp\/v2\/users\/1"}],"replies":[{"embeddable":true,"href":"https:\/\/jollyheap.com\/pl\/wp-json\/wp\/v2\/comments?post=1043"}],"version-history":[{"count":6,"href":"https:\/\/jollyheap.com\/pl\/wp-json\/wp\/v2\/pages\/1043\/revisions"}],"predecessor-version":[{"id":2668,"href":"https:\/\/jollyheap.com\/pl\/wp-json\/wp\/v2\/pages\/1043\/revisions\/2668"}],"wp:attachment":[{"href":"https:\/\/jollyheap.com\/pl\/wp-json\/wp\/v2\/media?parent=1043"}],"curies":[{"name":"wp","href":"https:\/\/api.w.org\/{rel}","templated":true}]}}