{"id":1126,"date":"2023-11-08T14:43:41","date_gmt":"2023-11-08T14:43:41","guid":{"rendered":"https:\/\/jollyheap.com\/about-jollyheap\/"},"modified":"2024-03-12T07:17:05","modified_gmt":"2024-03-12T07:17:05","slug":"about-jollyheap","status":"publish","type":"page","link":"https:\/\/jollyheap.com\/pl\/about-jollyheap\/","title":{"rendered":"O JollyHeap"},"content":{"rendered":"\n<div class=\"wp-block-group is-layout-constrained wp-container-core-group-is-layout-c926e3db wp-block-group-is-layout-constrained\" style=\"padding-right:15px;padding-left:15px\">\n<h1 class=\"wp-block-heading has-text-align-center\">O nas<\/h1>\n\n\n\n<div class=\"wp-block-essential-blocks-row alignfull\"><div class=\"eb-parent-wrapper eb-parent-eb-row-jdyzhj5 \"><div class=\"eb-row-root-container eb-row-jdyzhj5\" data-id=\"eb-row-jdyzhj5\"><div class=\"eb-row-wrapper\"><div class=\"eb-row-inner\">\n<div class=\"eb-parent-wrapper eb-parent-eb-column-bbaotwd  wp-block-essential-blocks-column\"><div class=\"eb-column-wrapper eb-column-bbaotwd\"><div class=\"eb-column-inner\">\n<figure class=\"wp-block-image size-large is-resized br-10\"><img loading=\"lazy\" decoding=\"async\" width=\"1440\" height=\"835\" src=\"https:\/\/jollyheap.com\/wp-content\/uploads\/2024\/03\/about-img-1-1440x835.webp\" alt=\"JollyHeap\" class=\"wp-image-1048\" style=\"width:842px\"\/><\/figure>\n<\/div><\/div><\/div>\n\n\n\n<div class=\"eb-parent-wrapper eb-parent-eb-column-l06w7fx  wp-block-essential-blocks-column\"><div class=\"eb-column-wrapper eb-column-l06w7fx\"><div class=\"eb-column-inner\">\n<h2 class=\"wp-block-heading\">Kim jeste\u015bmy?<\/h2>\n\n\n\n<p>W JollyHeap specjalizujemy si\u0119 w produkcji oraz dystrybucji du\u017cych i mi\u0119kkich klock\u00f3w magnetycznych. Klocki trafiaj\u0105 do plac\u00f3wek wczesnej edukacji, sal zabaw oraz specjalistycznych gabinet\u00f3w terapeutycznych.<\/p>\n\n\n\n<p>Nasza firma obecnie operuje na 49 krajach na ca\u0142ym \u015bwiecie, wci\u0105\u017c poszukuj\u0105c nowych wyzwa\u0144 i kierunk\u00f3w ekspansji. Klocki JollyHeap bawi\u0105 dzieci w ca\u0142ej Europie, w Japonii, USA, Korei, Kuweicie czy Australii.<\/p>\n<\/div><\/div><\/div>\n<\/div><\/div><\/div><\/div><\/div>\n<\/div>\n\n\n\n<div class=\"wp-block-group with-wave full-width-wave is-layout-constrained wp-block-group-is-layout-constrained\">\n<div class=\"wp-block-group container is-layout-constrained wp-block-group-is-layout-constrained\">\n<h2 class=\"wp-block-heading has-text-align-center\">Nasza historia<\/h2>\n\n\n\n<div class=\"wp-block-group is-layout-constrained wp-container-core-group-is-layout-cd9c1917 wp-block-group-is-layout-constrained\">\n<p class=\"has-text-align-center\">Pomys\u0142odawc\u0105 i projektantem produktu jest Oleksandr Sapunov, in\u017cynier, kt\u00f3ry przeku\u0142 prawdziw\u0105 potrzeb\u0119 swojego syna w produkt, kt\u00f3ry dzisiaj bawi i rozwija tysi\u0105ce dzieci na ca\u0142ym \u015bwiecie.<\/p>\n<\/div>\n\n\n\n<div style=\"height:10vh\" aria-hidden=\"true\" class=\"wp-block-spacer\"><\/div>\n\n\n\n<h2 class=\"wp-block-heading has-text-align-center\">Proces &#8211; tak powsta\u0142y klocki JollyHeap<\/h2>\n\n\n\n<p class=\"has-text-align-center\">Przekuwanie potrzeby w produkt, kt\u00f3ry anga\u017cuje i rozwija.<\/p>\n\n\n\n<div style=\"height:50px\" aria-hidden=\"true\" class=\"wp-block-spacer\"><\/div>\n\n\n\n<div class=\"wp-block-group item-about is-layout-constrained wp-block-group-is-layout-constrained\">\n<p class=\"item-title\">badanie potrzeb<\/p>\n\n\n\n<div class=\"wp-block-media-text is-stacked-on-mobile\" style=\"grid-template-columns:15% auto\"><figure class=\"wp-block-media-text__media\"><img loading=\"lazy\" decoding=\"async\" width=\"544\" height=\"544\" src=\"https:\/\/jollyheap.com\/wp-content\/uploads\/2024\/03\/exploration-of-needs.webp\" alt=\"exploration of needs\" class=\"wp-image-1065 size-full\"\/><\/figure><div class=\"wp-block-media-text__content\">\n<p>Syn Oleksandra, Micha\u0142, uwielbia\u0142 budowa\u0107 r\u00f3\u017cne konstrukcje, forty i kryj\u00f3wki, u\u017cywaj\u0105c poduszek, koc\u00f3w i wszystkiego, co znajdowa\u0142o si\u0119 w jego pokoju. Ju\u017c od ma\u0142ego wykazywa\u0142 umiej\u0119tno\u015bci in\u017cynieryjne odziedziczone po tacie.<\/p>\n\n\n\n<p>Niestety te konstrukcje by\u0142y niestabilne, a brak mo\u017cliwo\u015bci \u0142\u0105czenia poszczeg\u00f3lnych element\u00f3w powa\u017cnie ogranicza\u0142 mo\u017cliwo\u015bci budowlane.<\/p>\n<\/div><\/div>\n<\/div>\n\n\n\n<div class=\"wp-block-group item-about is-layout-constrained wp-block-group-is-layout-constrained\">\n<p class=\"item-title\" style=\"text-transform:lowercase\">KONCEPTUALIZACJA<\/p>\n\n\n\n<div class=\"wp-block-media-text is-stacked-on-mobile\" style=\"grid-template-columns:15% auto\"><figure class=\"wp-block-media-text__media\"><img loading=\"lazy\" decoding=\"async\" width=\"544\" height=\"544\" src=\"https:\/\/jollyheap.com\/wp-content\/uploads\/2024\/03\/conceptualization.webp\" alt=\"conceptualization\" class=\"wp-image-1069 size-full\"\/><\/figure><div class=\"wp-block-media-text__content\">\n<p>Widz\u0105c frustracj\u0119 i niezadowolenie Micha\u0142a, Oleksander chcia\u0142 unikn\u0105\u0107 jego zniech\u0119cenia do kreatywnej i rozwijaj\u0105cej go zabawy. Postanowi\u0142 wi\u0119c znale\u017a\u0107 rozwi\u0105zanie, kt\u00f3re pozwoli\u0142oby Micha\u0142owi cieszy\u0107 si\u0119 procesem budowania i doskonali\u0107 jego wczesne umiej\u0119tno\u015bci in\u017cynieryjne.<\/p>\n\n\n\n<p>Postanowi\u0142 zaprojektowa\u0107 klocki, kt\u00f3re b\u0119d\u0105 pozwala\u0142y zar\u00f3wno budowa\u0107, jak i bezpiecznie burzy\u0107 bez wzgl\u0119du na sw\u00f3j du\u017cy rozmiar. Chcia\u0142 da\u0107 Micha\u0142owi namiastk\u0119 prawdziwej in\u017cynierii, w kt\u00f3rej licz\u0105 si\u0119 prawa magnetyzmu, grawitacji i logicznego my\u015blenia.<\/p>\n<\/div><\/div>\n<\/div>\n\n\n\n<div class=\"wp-block-group item-about is-layout-constrained wp-block-group-is-layout-constrained\">\n<p class=\"item-title\" style=\"text-transform:lowercase\">WDRO\u017bENIE<\/p>\n\n\n\n<div class=\"wp-block-media-text is-stacked-on-mobile\" style=\"grid-template-columns:15% auto\"><figure class=\"wp-block-media-text__media\"><img loading=\"lazy\" decoding=\"async\" width=\"544\" height=\"544\" src=\"https:\/\/jollyheap.com\/wp-content\/uploads\/2024\/03\/implementation.webp\" alt=\"implementation\" class=\"wp-image-1071 size-full\"\/><\/figure><div class=\"wp-block-media-text__content\">\n<p>Kiedy opracowa\u0142 zabawk\u0119, jego perfekcjonizm nie pozwoli\u0142 spocz\u0105\u0107 na laurach i Oleksandr musia\u0142 dopracowa\u0107 j\u0105 w najmniejszym szczeg\u00f3le. Testowa\u0142 tkaniny i materia\u0142y, analizowa\u0142 aspekty techniczne i r\u00f3\u017cne rozmiary. W efekcie powsta\u0142y klocki, kt\u00f3re dzisiaj bawi\u0105, inspiruj\u0105 i dzieci w szko\u0142ach, przedszkolach i salach zabaw na ca\u0142ym \u015bwiecie.<\/p>\n<\/div><\/div>\n<\/div>\n\n\n\n<div style=\"height:50px\" aria-hidden=\"true\" class=\"wp-block-spacer\"><\/div>\n\n\n\n<h2 class=\"wp-block-heading has-text-align-center\">Klocki JollyHeap na mapie \u015bwiata<\/h2>\n\n\n\n<div class=\"wp-block-group is-layout-constrained wp-container-core-group-is-layout-0a8cf802 wp-block-group-is-layout-constrained\">\n<p class=\"has-text-align-center\">Dzieci z 49 kraj\u00f3w na ca\u0142ym \u015bwiecie buduj\u0105, \u0107wicz\u0105 i rozwijaj\u0105 si\u0119 \u2028 z magnetycznymi klockami JollyHeap<\/p>\n<\/div>\n\n\n\n<div style=\"height:30px\" aria-hidden=\"true\" class=\"wp-block-spacer\"><\/div>\n\n\n\n<figure class=\"wp-block-image aligncenter size-large\"><img loading=\"lazy\" decoding=\"async\" width=\"1113\" height=\"655\" src=\"https:\/\/jollyheap.com\/wp-content\/uploads\/2024\/03\/mapa.svg\" alt=\"JollyHeap\" class=\"wp-image-1067\"\/><\/figure>\n<\/div>\n<\/div>\n","protected":false},"excerpt":{"rendered":"<p>O nas Nasza historia Pomys\u0142odawc\u0105 i projektantem produktu jest Oleksandr Sapunov, in\u017cynier, kt\u00f3ry przeku\u0142 prawdziw\u0105 potrzeb\u0119 swojego syna w produkt, kt\u00f3ry dzisiaj bawi i rozwija tysi\u0105ce dzieci na ca\u0142ym \u015bwiecie. Proces &#8211; tak powsta\u0142y klocki JollyHeap Przekuwanie potrzeby w produkt, kt\u00f3ry anga\u017cuje i rozwija. badanie potrzeb Syn Oleksandra, Micha\u0142, uwielbia\u0142 budowa\u0107 r\u00f3\u017cne konstrukcje, forty i&#8230;<\/p>\n","protected":false},"author":1,"featured_media":0,"parent":0,"menu_order":0,"comment_status":"closed","ping_status":"closed","template":"page-fullwidth.php","meta":{"_eb_attr":"","inline_featured_image":false,"footnotes":""},"class_list":["post-1126","page","type-page","status-publish","hentry"],"_links":{"self":[{"href":"https:\/\/jollyheap.com\/pl\/wp-json\/wp\/v2\/pages\/1126","targetHints":{"allow":["GET"]}}],"collection":[{"href":"https:\/\/jollyheap.com\/pl\/wp-json\/wp\/v2\/pages"}],"about":[{"href":"https:\/\/jollyheap.com\/pl\/wp-json\/wp\/v2\/types\/page"}],"author":[{"embeddable":true,"href":"https:\/\/jollyheap.com\/pl\/wp-json\/wp\/v2\/users\/1"}],"replies":[{"embeddable":true,"href":"https:\/\/jollyheap.com\/pl\/wp-json\/wp\/v2\/comments?post=1126"}],"version-history":[{"count":1,"href":"https:\/\/jollyheap.com\/pl\/wp-json\/wp\/v2\/pages\/1126\/revisions"}],"predecessor-version":[{"id":1128,"href":"https:\/\/jollyheap.com\/pl\/wp-json\/wp\/v2\/pages\/1126\/revisions\/1128"}],"wp:attachment":[{"href":"https:\/\/jollyheap.com\/pl\/wp-json\/wp\/v2\/media?parent=1126"}],"curies":[{"name":"wp","href":"https:\/\/api.w.org\/{rel}","templated":true}]}}