{"id":1129,"date":"2023-11-08T14:42:57","date_gmt":"2023-11-08T14:42:57","guid":{"rendered":"https:\/\/jollyheap.com\/delivery-time-and-costs\/"},"modified":"2024-03-12T12:06:49","modified_gmt":"2024-03-12T12:06:49","slug":"delivery-time-and-costs","status":"publish","type":"page","link":"https:\/\/jollyheap.com\/pl\/delivery-time-and-costs\/","title":{"rendered":"Czas i koszty dostawy"},"content":{"rendered":"\n<div class=\"wp-block-group container is-layout-constrained wp-block-group-is-layout-constrained\">\n<h1 class=\"wp-block-heading has-text-align-center\">Czas i koszty dostawy<\/h1>\n\n\n\n<div style=\"height:10px\" aria-hidden=\"true\" class=\"wp-block-spacer\"><\/div>\n\n\n\n<h2 class=\"wp-block-heading has-text-align-center has-custom-blue-color has-text-color has-link-color wp-elements-522d83fde5ddab44702c26f16bb5c245\">Czas realizacji zam\u00f3wie\u0144:<\/h2>\n\n\n\n<div style=\"height:45px\" aria-hidden=\"true\" class=\"wp-block-spacer\"><\/div>\n<\/div>\n\n\n\n<div class=\"wp-block-group with-wave full-width-wave is-layout-constrained wp-block-group-is-layout-constrained\">\n<figure class=\"wp-block-image aligncenter size-large\"><img loading=\"lazy\" decoding=\"async\" width=\"193\" height=\"180\" src=\"https:\/\/jollyheap.com\/wp-content\/uploads\/2024\/03\/fast-delivery.svg\" alt=\"JollyHeap\" class=\"wp-image-1091\"\/><\/figure>\n\n\n\n<div style=\"height:20px\" aria-hidden=\"true\" class=\"wp-block-spacer\"><\/div>\n\n\n\n<div class=\"wp-block-group container is-layout-constrained wp-block-group-is-layout-constrained\">\n<div class=\"wp-block-group is-layout-constrained wp-container-core-group-is-layout-cd9c1917 wp-block-group-is-layout-constrained\">\n<p class=\"has-text-align-center has-medium-font-size\">Na czas realizacji zam\u00f3wienia sk\u0142ada si\u0119:<\/p>\n\n\n\n<p class=\"has-text-align-center has-medium-font-size\">1.Przygotowanie produkt\u00f3w do wysy\u0142ki.<\/p>\n\n\n\n<p class=\"has-text-align-center has-medium-font-size\">2.Dostawa produktu do zamawiaj\u0105cego.<\/p>\n\n\n\n<div style=\"height:10px\" aria-hidden=\"true\" class=\"wp-block-spacer\"><\/div>\n\n\n\n<p class=\"has-text-align-center has-medium-font-size\">Maksymalny czas przygotowania produktu do wysy\u0142ki wynosi 10 dni, najcz\u0119\u015bciej jest to jednak 2-5 dni roboczych. Czas dostawy zam\u00f3wienia jest uzale\u017cniony od kraju zamawiaj\u0105cego.\u2028<\/p>\n\n\n\n<p class=\"has-text-align-center has-medium-font-size\">Czas dostawy liczony jest od momentu wygenerowania etykiety dla kuriera, czyli w momencie, w kt\u00f3rym produkt jest ju\u017c przygotowany do opuszczenia magazynu i wynosi:<\/p>\n\n\n\n<p class=\"has-text-align-center has-medium-font-size\">Dla Polski: 1-2 dni robocze<\/p>\n\n\n\n<p class=\"has-text-align-center has-medium-font-size\">Dla kraj\u00f3w UE: 2-5 dni roboczych<\/p>\n\n\n\n<p class=\"has-text-align-center has-medium-font-size\">Dla kraj\u00f3w spoza UE: 5-10 dni roboczych<\/p>\n\n\n\n<div style=\"height:10px\" aria-hidden=\"true\" class=\"wp-block-spacer\"><\/div>\n\n\n\n<p class=\"has-text-align-center has-medium-font-size\">Odwo\u0142uj\u0105c si\u0119 do czas\u00f3w dostawy powy\u017cej maksymalny czas realizacji zam\u00f3wienia od momentu jego z\u0142o\u017cenia do dostawy pod wskazany adres wynosi:<\/p>\n\n\n\n<p class=\"has-text-align-center has-medium-font-size\">Dla Polski: 12 dni roboczych<\/p>\n\n\n\n<p class=\"has-text-align-center has-medium-font-size\">Dla kraj\u00f3w UE: 15 dni roboczych<\/p>\n\n\n\n<p class=\"has-text-align-center has-medium-font-size\">Dla kraj\u00f3w spoza UE: 20 dni roboczych<\/p>\n<\/div>\n<\/div>\n<\/div>\n\n\n\n<div style=\"height:10vh\" aria-hidden=\"true\" class=\"wp-block-spacer\"><\/div>\n\n\n\n<h2 class=\"wp-block-heading has-text-align-center has-custom-blue-color has-text-color has-link-color wp-elements-c7f458a76978f503793834a3e916a9a1\">Koszty dostawy:<\/h2>\n\n\n\n<figure class=\"wp-block-image aligncenter size-large\"><img loading=\"lazy\" decoding=\"async\" width=\"193\" height=\"180\" src=\"https:\/\/jollyheap.com\/wp-content\/uploads\/2024\/03\/delivery-cost.svg\" alt=\"JollyHeap\" class=\"wp-image-1100\"\/><\/figure>\n\n\n\n<p class=\"has-text-align-center has-medium-font-size\">Koszty dostawy dla ka\u017cdego zestawu widoczne s\u0105 w koszyku po wybraniu produkt\u00f3w.<br>W przypadku zam\u00f3wie\u0144 hurtowych koszty wysy\u0142ki obliczane s\u0105 indywidualnie.<br>Przy zam\u00f3wieniach mailowych lub telefonicznych koszt dostawy podawany jest przez obs\u0142uguj\u0105cego.<\/p>\n","protected":false},"excerpt":{"rendered":"<p>Czas i koszty dostawy Czas realizacji zam\u00f3wie\u0144: Na czas realizacji zam\u00f3wienia sk\u0142ada si\u0119: 1.Przygotowanie produkt\u00f3w do wysy\u0142ki. 2.Dostawa produktu do zamawiaj\u0105cego. Maksymalny czas przygotowania produktu do wysy\u0142ki wynosi 10 dni, najcz\u0119\u015bciej jest to jednak 2-5 dni roboczych. Czas dostawy zam\u00f3wienia jest uzale\u017cniony od kraju zamawiaj\u0105cego.\u2028 Czas dostawy liczony jest od momentu wygenerowania etykiety dla kuriera,&#8230;<\/p>\n","protected":false},"author":1,"featured_media":0,"parent":0,"menu_order":0,"comment_status":"closed","ping_status":"closed","template":"page-fullwidth.php","meta":{"_eb_attr":"","inline_featured_image":false,"footnotes":""},"class_list":["post-1129","page","type-page","status-publish","hentry"],"_links":{"self":[{"href":"https:\/\/jollyheap.com\/pl\/wp-json\/wp\/v2\/pages\/1129","targetHints":{"allow":["GET"]}}],"collection":[{"href":"https:\/\/jollyheap.com\/pl\/wp-json\/wp\/v2\/pages"}],"about":[{"href":"https:\/\/jollyheap.com\/pl\/wp-json\/wp\/v2\/types\/page"}],"author":[{"embeddable":true,"href":"https:\/\/jollyheap.com\/pl\/wp-json\/wp\/v2\/users\/1"}],"replies":[{"embeddable":true,"href":"https:\/\/jollyheap.com\/pl\/wp-json\/wp\/v2\/comments?post=1129"}],"version-history":[{"count":2,"href":"https:\/\/jollyheap.com\/pl\/wp-json\/wp\/v2\/pages\/1129\/revisions"}],"predecessor-version":[{"id":1157,"href":"https:\/\/jollyheap.com\/pl\/wp-json\/wp\/v2\/pages\/1129\/revisions\/1157"}],"wp:attachment":[{"href":"https:\/\/jollyheap.com\/pl\/wp-json\/wp\/v2\/media?parent=1129"}],"curies":[{"name":"wp","href":"https:\/\/api.w.org\/{rel}","templated":true}]}}