{"id":1145,"date":"2023-11-08T14:44:05","date_gmt":"2023-11-08T14:44:05","guid":{"rendered":"https:\/\/jollyheap.com\/eu-projects\/"},"modified":"2024-03-12T07:30:27","modified_gmt":"2024-03-12T07:30:27","slug":"eu-projects","status":"publish","type":"page","link":"https:\/\/jollyheap.com\/pl\/eu-projects\/","title":{"rendered":"EU projekty"},"content":{"rendered":"\n<div class=\"wp-block-group container is-layout-constrained wp-block-group-is-layout-constrained\">\n<h1 class=\"wp-block-heading has-text-align-center\">Projekty EU<\/h1>\n\n\n\n<div style=\"height:10px\" aria-hidden=\"true\" class=\"wp-block-spacer\"><\/div>\n\n\n\n<div class=\"wp-block-group has-custom-blue-color has-text-color has-link-color wp-elements-12e92f97fd44b886b2317815f9dad890 is-layout-constrained wp-container-core-group-is-layout-43dc37e4 wp-block-group-is-layout-constrained\">\n<h2 class=\"wp-block-heading has-text-align-center has-custom-blue-color has-text-color has-link-color wp-elements-60917e36b1f5c1df717b48e5e1ed13ff\">Projekty realizowane przy wsparciu fundusz\u00f3w z Unii Europejskiej<\/h2>\n<\/div>\n\n\n\n<div style=\"height:40px\" aria-hidden=\"true\" class=\"wp-block-spacer\"><\/div>\n\n\n\n<div style=\"height:45px\" aria-hidden=\"true\" class=\"wp-block-spacer\"><\/div>\n<\/div>\n\n\n\n<div class=\"wp-block-group with-wave full-width-wave is-layout-constrained wp-block-group-is-layout-constrained\">\n<figure class=\"wp-block-image aligncenter size-large\"><img loading=\"lazy\" decoding=\"async\" width=\"193\" height=\"180\" src=\"https:\/\/jollyheap.com\/wp-content\/uploads\/2024\/03\/projects-eu.svg\" alt=\"JollyHeap\" class=\"wp-image-1116\"\/><\/figure>\n\n\n\n<div style=\"height:20px\" aria-hidden=\"true\" class=\"wp-block-spacer\"><\/div>\n\n\n\n<div class=\"wp-block-group container is-layout-constrained wp-block-group-is-layout-constrained\">\n<div class=\"wp-block-essential-blocks-row alignfull\"><div class=\"eb-parent-wrapper eb-parent-eb-row-zeyd1kq \"><div class=\"eb-row-root-container eb-row-zeyd1kq\" data-id=\"eb-row-zeyd1kq\"><div class=\"eb-row-wrapper\"><div class=\"eb-row-inner\">\n<div class=\"eb-parent-wrapper eb-parent-eb-column-rrrtt1f  wp-block-essential-blocks-column\"><div class=\"eb-column-wrapper eb-column-rrrtt1f\"><div class=\"eb-column-inner\">\n<div class=\"wp-block-group is-layout-constrained wp-container-core-group-is-layout-97a1a859 wp-block-group-is-layout-constrained\">\n<p class=\"has-medium-font-size\"><strong>JollyHeap Svitlana Sapunova zrealizowa\u0142a projekt pt. \u201eInwestycje w rozw\u00f3j przedsi\u0119biorstwa \u201eJollyHeap\u201d Svitlana Sapunova.<\/strong><\/p>\n\n\n\n<div style=\"height:15px\" aria-hidden=\"true\" class=\"wp-block-spacer\"><\/div>\n\n\n\n<p class=\"has-medium-font-size\">Celem projektu jest rozw\u00f3j przedsi\u0119biorstwa poprzez usprawnienie procesu produkcji i wprowadzenie nowych innowacyjnych produkt\u00f3w na rynek.<\/p>\n\n\n\n<p class=\"has-medium-font-size\">Ca\u0142kowita warto\u015b\u0107 projektu wynosi: 236 704,58 z\u0142<\/p>\n\n\n\n<p class=\"has-medium-font-size\">Dofinansowanie projektu z UE wynosi: 138 052,50 z\u0142<\/p>\n\n\n\n<div style=\"height:30px\" aria-hidden=\"true\" class=\"wp-block-spacer\"><\/div>\n\n\n\n<figure class=\"wp-block-image size-full\"><img loading=\"lazy\" decoding=\"async\" width=\"1059\" height=\"746\" src=\"https:\/\/jollyheap.com\/wp-content\/uploads\/2024\/03\/projects-ue-img-1.webp\" alt=\"JollyHeap\" class=\"wp-image-1119\"\/><\/figure>\n<\/div>\n<\/div><\/div><\/div>\n\n\n\n<div class=\"eb-parent-wrapper eb-parent-eb-column-ejbrtyl  wp-block-essential-blocks-column\"><div class=\"eb-column-wrapper eb-column-ejbrtyl\"><div class=\"eb-column-inner\">\n<div class=\"wp-block-group is-layout-constrained wp-container-core-group-is-layout-97a1a859 wp-block-group-is-layout-constrained\">\n<p class=\"has-medium-font-size\"><strong>JollyHeap Svitlana Sapunova zrealizowa\u0142a projekt pt. Polskie Mosty Technologiczne.<\/strong><\/p>\n\n\n\n<div style=\"height:15px\" aria-hidden=\"true\" class=\"wp-block-spacer\"><\/div>\n\n\n\n<p class=\"has-medium-font-size\">Celem projektu jest wej\u015bcie na rynek USA. Dofinansowanie projektu z UE wynosi: 150 000 z\u0142<\/p>\n\n\n\n<div style=\"height:30px\" aria-hidden=\"true\" class=\"wp-block-spacer\"><\/div>\n\n\n\n<figure class=\"wp-block-image size-full\"><img loading=\"lazy\" decoding=\"async\" width=\"1055\" height=\"746\" src=\"https:\/\/jollyheap.com\/wp-content\/uploads\/2024\/03\/projects-ue-img-2.webp\" alt=\"JollyHeap\" class=\"wp-image-1121\"\/><\/figure>\n<\/div>\n<\/div><\/div><\/div>\n<\/div><\/div><\/div><\/div><\/div>\n\n\n\n<p><br><\/p>\n<\/div>\n<\/div>\n","protected":false},"excerpt":{"rendered":"<p>Projekty EU Projekty realizowane przy wsparciu fundusz\u00f3w z Unii Europejskiej<\/p>\n","protected":false},"author":1,"featured_media":0,"parent":0,"menu_order":0,"comment_status":"closed","ping_status":"closed","template":"page-fullwidth.php","meta":{"_eb_attr":"","inline_featured_image":false,"footnotes":""},"class_list":["post-1145","page","type-page","status-publish","hentry"],"_links":{"self":[{"href":"https:\/\/jollyheap.com\/pl\/wp-json\/wp\/v2\/pages\/1145","targetHints":{"allow":["GET"]}}],"collection":[{"href":"https:\/\/jollyheap.com\/pl\/wp-json\/wp\/v2\/pages"}],"about":[{"href":"https:\/\/jollyheap.com\/pl\/wp-json\/wp\/v2\/types\/page"}],"author":[{"embeddable":true,"href":"https:\/\/jollyheap.com\/pl\/wp-json\/wp\/v2\/users\/1"}],"replies":[{"embeddable":true,"href":"https:\/\/jollyheap.com\/pl\/wp-json\/wp\/v2\/comments?post=1145"}],"version-history":[{"count":1,"href":"https:\/\/jollyheap.com\/pl\/wp-json\/wp\/v2\/pages\/1145\/revisions"}],"predecessor-version":[{"id":1147,"href":"https:\/\/jollyheap.com\/pl\/wp-json\/wp\/v2\/pages\/1145\/revisions\/1147"}],"wp:attachment":[{"href":"https:\/\/jollyheap.com\/pl\/wp-json\/wp\/v2\/media?parent=1145"}],"curies":[{"name":"wp","href":"https:\/\/api.w.org\/{rel}","templated":true}]}}