{"id":420,"date":"2023-11-08T14:40:44","date_gmt":"2023-11-08T14:40:44","guid":{"rendered":"https:\/\/jollyheap.com\/discover\/"},"modified":"2024-04-09T11:59:03","modified_gmt":"2024-04-09T11:59:03","slug":"discover","status":"publish","type":"page","link":"https:\/\/jollyheap.com\/pl\/discover\/","title":{"rendered":"Zestawy"},"content":{"rendered":"\n<div class=\"wp-block-group br-10 sub-top-block has-background is-layout-constrained wp-block-group-is-layout-constrained\" style=\"background-color:#f8f8f8\">\n<div class=\"wp-block-essential-blocks-row alignfull\"><div class=\"eb-parent-wrapper eb-parent-eb-row-gbajbti \"><div class=\"eb-row-root-container eb-row-gbajbti\" data-id=\"eb-row-gbajbti\"><div class=\"eb-row-wrapper\"><div class=\"eb-row-inner\">\n<div class=\"eb-parent-wrapper eb-parent-eb-column-vxit6ee  wp-block-essential-blocks-column\"><div class=\"eb-column-wrapper eb-column-vxit6ee\"><div class=\"eb-column-inner\">\n<div style=\"height:20px\" aria-hidden=\"true\" class=\"wp-block-spacer\"><\/div>\n\n\n\n<h1 class=\"wp-block-heading\">Zestawy magnetycznych klock\u00f3w JollyHeap<\/h1>\n\n\n\n<p>Odkryj zestawy JollyHeap, kt\u00f3re spe\u0142ni\u0105 potrzeby i marzenia Twoich podopiecznych. W ofercie JollyHeap znajdziesz zar\u00f3wno zestawy do u\u017cytku domowego, pracy, czy Twojego biznesu. Te klocki to nie tylko zabawki, ale tak\u017ce narz\u0119dzia do rozwoju kreatywno\u015bci, umiej\u0119tno\u015bci i pasji.<\/p>\n\n\n\n<div style=\"height:20px\" aria-hidden=\"true\" class=\"wp-block-spacer\"><\/div>\n<\/div><\/div><\/div>\n\n\n\n<div class=\"eb-parent-wrapper eb-parent-eb-column-geriij5  wp-block-essential-blocks-column\"><div class=\"eb-column-wrapper eb-column-geriij5\"><div class=\"eb-column-inner\">\n<figure class=\"wp-block-image size-full\"><img loading=\"lazy\" decoding=\"async\" width=\"810\" height=\"619\" src=\"https:\/\/jollyheap.com\/wp-content\/uploads\/2024\/01\/green-jollyheap-block.webp\" alt=\"Jolly Heap green block\" class=\"wp-image-791\"\/><\/figure>\n<\/div><\/div><\/div>\n<\/div><\/div><\/div><\/div><\/div>\n<\/div>\n\n\n\n<h2 class=\"wp-block-heading\">Przegl\u0105daj wed\u0142ug zastosowania<\/h2>\n\n\n\n<div class=\"wp-block-essential-blocks-row alignfull usage-row\"><div class=\"eb-parent-wrapper eb-parent-eb-row-j7yyvme \"><div class=\"eb-row-root-container eb-row-j7yyvme\" data-id=\"eb-row-j7yyvme\"><div class=\"eb-row-wrapper\"><div class=\"eb-row-inner\">\n<div class=\"eb-parent-wrapper eb-parent-eb-column-2d4jvf0  wp-block-essential-blocks-column school\"><div class=\"eb-column-wrapper eb-column-2d4jvf0\"><div class=\"eb-column-inner\">\n<figure class=\"wp-block-image aligncenter size-large\"><a href=\"https:\/\/jollyheap.com\/pl\/usage\/schools-and-kindergartens\/\"><img loading=\"lazy\" decoding=\"async\" width=\"271\" height=\"271\" src=\"https:\/\/jollyheap.com\/wp-content\/uploads\/2023\/11\/schools-and-kindergartens.svg\" alt=\"Schools and kindergartens\" class=\"wp-image-1178\"\/><\/a><\/figure>\n\n\n\n<h4 class=\"wp-block-heading has-text-align-center\"><a href=\"https:\/\/jollyheap.com\/pl\/usage\/schools-and-kindergartens\/\" data-type=\"link\" data-id=\"https:\/\/jollyheap.com\/pl\/usage\/schools-and-kindergartens\/\"><strong><\/strong><\/a><strong><a href=\"https:\/\/jollyheap.com\/pl\/usage\/schools-and-kindergartens\/\">Szko\u0142y i przedszkola<\/a><\/strong><\/h4>\n\n\n\n<p class=\"has-text-align-center has-small-font-size\">Nauczanie przez zabaw\u0119. WF w klasie.<\/p>\n\n\n\n<div style=\"height:15px\" aria-hidden=\"true\" class=\"wp-block-spacer\"><\/div>\n\n\n\n<div class=\"wp-block-buttons is-content-justification-center is-layout-flex wp-container-core-buttons-is-layout-16018d1d wp-block-buttons-is-layout-flex\">\n<div class=\"wp-block-button is-style-fill with-arrow\"><a class=\"wp-block-button__link wp-element-button\" href=\"https:\/\/jollyheap.com\/pl\/usage\/schools-and-kindergartens\/\">wi\u0119cej<\/a><\/div>\n<\/div>\n<\/div><\/div><\/div>\n\n\n\n<div class=\"eb-parent-wrapper eb-parent-eb-column-fc4ze6p  wp-block-essential-blocks-column playgrounds\"><div class=\"eb-column-wrapper eb-column-fc4ze6p\"><div class=\"eb-column-inner\">\n<figure class=\"wp-block-image aligncenter size-large\"><a href=\"https:\/\/jollyheap.com\/pl\/usage\/playgrounds\/\"><img loading=\"lazy\" decoding=\"async\" width=\"271\" height=\"271\" src=\"https:\/\/jollyheap.com\/wp-content\/uploads\/2023\/11\/playground-icon.svg\" alt=\"Playgrounds\" class=\"wp-image-1180\"\/><\/a><\/figure>\n\n\n\n<h4 class=\"wp-block-heading has-text-align-center\"><a href=\"https:\/\/jollyheap.com\/pl\/usage\/playgrounds\/\" data-type=\"link\" data-id=\"https:\/\/jollyheap.com\/pl\/usage\/playgrounds\/\"><strong><\/strong><\/a><strong><a href=\"https:\/\/jollyheap.com\/pl\/usage\/playgrounds\/\">Sale zabaw<\/a><\/strong><\/h4>\n\n\n\n<p class=\"has-text-align-center has-small-font-size\">Mi\u0119kka, cicha i bezpieczna zabawa.<\/p>\n\n\n\n<div style=\"height:15px\" aria-hidden=\"true\" class=\"wp-block-spacer\"><\/div>\n\n\n\n<div class=\"wp-block-buttons is-content-justification-center is-layout-flex wp-container-core-buttons-is-layout-16018d1d wp-block-buttons-is-layout-flex\">\n<div class=\"wp-block-button is-style-fill with-arrow\"><a class=\"wp-block-button__link wp-element-button\" href=\"https:\/\/jollyheap.com\/pl\/usage\/playgrounds\/\">wi\u0119cej<\/a><\/div>\n<\/div>\n<\/div><\/div><\/div>\n\n\n\n<div class=\"eb-parent-wrapper eb-parent-eb-column-x5gpfri  wp-block-essential-blocks-column horeca\"><div class=\"eb-column-wrapper eb-column-x5gpfri\"><div class=\"eb-column-inner\">\n<figure class=\"wp-block-image aligncenter size-large\"><a href=\"https:\/\/jollyheap.com\/pl\/usage\/playgrounds\/\"><img loading=\"lazy\" decoding=\"async\" width=\"271\" height=\"271\" src=\"https:\/\/jollyheap.com\/wp-content\/uploads\/2023\/11\/horeca-icon.svg\" alt=\"HoReCa\" class=\"wp-image-1183\"\/><\/a><\/figure>\n\n\n\n<h4 class=\"wp-block-heading has-text-align-center\"><a href=\"https:\/\/jollyheap.com\/pl\/usage\/playgrounds\/\" data-type=\"link\" data-id=\"https:\/\/jollyheap.com\/pl\/usage\/playgrounds\/\"><strong>HoReCa<\/strong><\/a><\/h4>\n\n\n\n<p class=\"has-text-align-center has-small-font-size\">Zaanga\u017cowanie na d\u0142ugie godziny.<\/p>\n\n\n\n<div style=\"height:15px\" aria-hidden=\"true\" class=\"wp-block-spacer\"><\/div>\n\n\n\n<div class=\"wp-block-buttons is-content-justification-center is-layout-flex wp-container-core-buttons-is-layout-16018d1d wp-block-buttons-is-layout-flex\">\n<div class=\"wp-block-button is-style-fill with-arrow\"><a class=\"wp-block-button__link wp-element-button\" href=\"https:\/\/jollyheap.com\/pl\/usage\/playgrounds\/\">wi\u0119cej<\/a><\/div>\n<\/div>\n<\/div><\/div><\/div>\n\n\n\n<div class=\"eb-parent-wrapper eb-parent-eb-column-cuvzzof  wp-block-essential-blocks-column physiotherapy\"><div class=\"eb-column-wrapper eb-column-cuvzzof\"><div class=\"eb-column-inner\">\n<figure class=\"wp-block-image aligncenter size-large\"><a href=\"https:\/\/jollyheap.com\/pl\/usage\/physiotherapy\/\"><img loading=\"lazy\" decoding=\"async\" width=\"271\" height=\"271\" src=\"https:\/\/jollyheap.com\/wp-content\/uploads\/2023\/11\/physiotherapy-icon.svg\" alt=\"Physiotherapy JollyHeap\" class=\"wp-image-1185\"\/><\/a><\/figure>\n\n\n\n<h4 class=\"wp-block-heading has-text-align-center\"><a href=\"https:\/\/jollyheap.com\/pl\/usage\/physiotherapy\/\" data-type=\"link\" data-id=\"https:\/\/jollyheap.com\/pl\/usage\/physiotherapy\/\"><strong><\/strong><\/a><strong><a href=\"https:\/\/jollyheap.com\/pl\/usage\/physiotherapy\/\">Fizjoterapia<\/a><\/strong><\/h4>\n\n\n\n<p class=\"has-text-align-center has-small-font-size\">Zamie\u0144 mozolne \u0107wiczenia w dobr\u0105 zabaw\u0119.<\/p>\n\n\n\n<div style=\"height:15px\" aria-hidden=\"true\" class=\"wp-block-spacer\"><\/div>\n\n\n\n<div class=\"wp-block-buttons is-content-justification-center is-layout-flex wp-container-core-buttons-is-layout-16018d1d wp-block-buttons-is-layout-flex\">\n<div class=\"wp-block-button is-style-fill with-arrow\"><a class=\"wp-block-button__link wp-element-button\" href=\"https:\/\/jollyheap.com\/pl\/usage\/physiotherapy\/\">wi\u0119cej<\/a><\/div>\n<\/div>\n<\/div><\/div><\/div>\n\n\n\n<div class=\"eb-parent-wrapper eb-parent-eb-column-u6o53i4  wp-block-essential-blocks-column room\"><div class=\"eb-column-wrapper eb-column-u6o53i4\"><div class=\"eb-column-inner\">\n<figure class=\"wp-block-image aligncenter size-large\"><a href=\"https:\/\/jollyheap.com\/pl\/usage\/childrens-room\/\"><img loading=\"lazy\" decoding=\"async\" width=\"271\" height=\"271\" src=\"https:\/\/jollyheap.com\/wp-content\/uploads\/2023\/11\/childrens-room-icon.svg\" alt=\"Children\u2019s room JollyHeap\" class=\"wp-image-1187\"\/><\/a><\/figure>\n\n\n\n<h4 class=\"wp-block-heading has-text-align-center\"><a href=\"https:\/\/jollyheap.com\/pl\/usage\/childrens-room\/\" data-type=\"link\" data-id=\"https:\/\/jollyheap.com\/pl\/usage\/childrens-room\/\"><strong><\/strong><\/a><strong><a href=\"https:\/\/jollyheap.com\/pl\/usage\/childrens-room\/\">Dzieci\u0119cy pok\u00f3j<\/a><\/strong><\/h4>\n\n\n\n<p class=\"has-text-align-center has-small-font-size\">Mn\u00f3stwo rado\u015bci<br>w codziennej zabawie.<\/p>\n\n\n\n<div style=\"height:15px\" aria-hidden=\"true\" class=\"wp-block-spacer\"><\/div>\n\n\n\n<div class=\"wp-block-buttons is-content-justification-center is-layout-flex wp-container-core-buttons-is-layout-16018d1d wp-block-buttons-is-layout-flex\">\n<div class=\"wp-block-button is-style-fill with-arrow\"><a class=\"wp-block-button__link wp-element-button\" href=\"https:\/\/jollyheap.com\/pl\/usage\/childrens-room\/\">wi\u0119cej<\/a><\/div>\n<\/div>\n<\/div><\/div><\/div>\n<\/div><\/div><\/div><\/div><\/div>\n\n\n\n<h2 class=\"wp-block-heading\">Zobacz wszystkie zestawy<\/h2>\n\n\n    <div class=\"row sets-grid\">\r\n                    <div class=\"col blocks-3\">\r\n\r\n                <div class=\"item-set\">\r\n                                            <figure class=\"featured-thumbnail\">\r\n                            <a href=\"https:\/\/jollyheap.com\/pl\/sets\/pixi\/\" title=\"Pixi\">\r\n                                <img decoding=\"async\" src=\"https:\/\/jollyheap.com\/wp-content\/uploads\/2023\/12\/bobas-robocik-kopia-700x700.webp\" alt=\"Pixi\"\/>\r\n                            <\/a>\r\n                        <\/figure>\r\n                                        <div class=\"content-wrapper\">\r\n                        <h3 class=\"entry-title\">\r\n                            <a href=\"https:\/\/jollyheap.com\/pl\/sets\/pixi\/\" title=\"Pixi\">Pixi<\/a>\r\n                        <\/h3>\r\n                                                        <div class=\"quantity\">\r\n                                    12 klock\u00f3w \/ 2 kszta\u0142ty                                <\/div>\r\n                                                    <div class=\"post-excerpt\">\r\n                            <p>Doskona\u0142y na pocz\u0105tek przygody z JollyHeap. Polecany dla najm\u0142odszych dzieci, kt\u00f3re lubi\u0105 swobodne budowanie i rozk\u0142adanie klock\u00f3w.<\/p>\n                        <\/div>\r\n                        <a href=\"https:\/\/jollyheap.com\/pl\/sets\/pixi\/\" class=\"more\" title=\"Pixi\">wi\u0119cej<\/a>\r\n                    <\/div>\r\n                <\/div>\r\n            <\/div>\r\n\r\n                    <div class=\"col blocks-3\">\r\n\r\n                <div class=\"item-set\">\r\n                                            <figure class=\"featured-thumbnail\">\r\n                            <a href=\"https:\/\/jollyheap.com\/pl\/sets\/mini\/\" title=\"Mini\">\r\n                                <img decoding=\"async\" src=\"https:\/\/jollyheap.com\/wp-content\/uploads\/2023\/11\/miniatura-700x700.webp\" alt=\"Mini\"\/>\r\n                            <\/a>\r\n                        <\/figure>\r\n                                        <div class=\"content-wrapper\">\r\n                        <h3 class=\"entry-title\">\r\n                            <a href=\"https:\/\/jollyheap.com\/pl\/sets\/mini\/\" title=\"Mini\">Mini<\/a>\r\n                        <\/h3>\r\n                                                        <div class=\"quantity\">\r\n                                    24 klocki \/ 2 kszta\u0142ty                                <\/div>\r\n                                                    <div class=\"post-excerpt\">\r\n                            <p>Dla dzieci, kt\u00f3re zaczynaj\u0105 my\u015ble\u0107 tw\u00f3rczo\u2028i \u015bwiadomie manipulowa\u0107 przedmiotami\u2028i kszta\u0142tami.<\/p>\n                        <\/div>\r\n                        <a href=\"https:\/\/jollyheap.com\/pl\/sets\/mini\/\" class=\"more\" title=\"Mini\">wi\u0119cej<\/a>\r\n                    <\/div>\r\n                <\/div>\r\n            <\/div>\r\n\r\n                    <div class=\"col blocks-3\">\r\n\r\n                <div class=\"item-set\">\r\n                                            <figure class=\"featured-thumbnail\">\r\n                            <a href=\"https:\/\/jollyheap.com\/pl\/sets\/medium\/\" title=\"Medium\">\r\n                                <img decoding=\"async\" src=\"https:\/\/jollyheap.com\/wp-content\/uploads\/2023\/11\/jh-medium-set-700x700.webp\" alt=\"Medium\"\/>\r\n                            <\/a>\r\n                        <\/figure>\r\n                                        <div class=\"content-wrapper\">\r\n                        <h3 class=\"entry-title\">\r\n                            <a href=\"https:\/\/jollyheap.com\/pl\/sets\/medium\/\" title=\"Medium\">Medium<\/a>\r\n                        <\/h3>\r\n                                                        <div class=\"quantity\">\r\n                                    50 klock\u00f3w \/ 2 kszta\u0142ty                                <\/div>\r\n                                                    <div class=\"post-excerpt\">\r\n                            <p>Zestaw zapewniaj\u0105cy wiele tw\u00f3rczej zabawy.\u2028Pozwalaj\u0105cy budowa\u0107 postacie naturalnej wielko\u015bci, kryj\u00f3wki i mini tory przeszk\u00f3d.<\/p>\n                        <\/div>\r\n                        <a href=\"https:\/\/jollyheap.com\/pl\/sets\/medium\/\" class=\"more\" title=\"Medium\">wi\u0119cej<\/a>\r\n                    <\/div>\r\n                <\/div>\r\n            <\/div>\r\n\r\n                    <div class=\"col blocks-3\">\r\n\r\n                <div class=\"item-set\">\r\n                                            <figure class=\"featured-thumbnail\">\r\n                            <a href=\"https:\/\/jollyheap.com\/pl\/sets\/basic\/\" title=\"Basic\">\r\n                                <img decoding=\"async\" src=\"https:\/\/jollyheap.com\/wp-content\/uploads\/2023\/11\/jh-basic-set-700x700.webp\" alt=\"Basic\"\/>\r\n                            <\/a>\r\n                        <\/figure>\r\n                                        <div class=\"content-wrapper\">\r\n                        <h3 class=\"entry-title\">\r\n                            <a href=\"https:\/\/jollyheap.com\/pl\/sets\/basic\/\" title=\"Basic\">Basic<\/a>\r\n                        <\/h3>\r\n                                                        <div class=\"quantity\">\r\n                                    100 klock\u00f3w \/ 2 kszta\u0142ty                                <\/div>\r\n                                                    <div class=\"post-excerpt\">\r\n                            <p>Odpowiedni dla 2-4 dzieci. Idealny<br \/>\nzestaw startowy dla instytucji takich jak szko\u0142y czy przedszkola lub bran\u017ca HoReCa.<\/p>\n                        <\/div>\r\n                        <a href=\"https:\/\/jollyheap.com\/pl\/sets\/basic\/\" class=\"more\" title=\"Basic\">wi\u0119cej<\/a>\r\n                    <\/div>\r\n                <\/div>\r\n            <\/div>\r\n\r\n                    <div class=\"col blocks-3\">\r\n\r\n                <div class=\"item-set\">\r\n                                            <figure class=\"featured-thumbnail\">\r\n                            <a href=\"https:\/\/jollyheap.com\/pl\/sets\/creative\/\" title=\"Creative\">\r\n                                <img decoding=\"async\" src=\"https:\/\/jollyheap.com\/wp-content\/uploads\/2023\/11\/jh-creative-set-700x700.webp\" alt=\"Creative\"\/>\r\n                            <\/a>\r\n                        <\/figure>\r\n                                        <div class=\"content-wrapper\">\r\n                        <h3 class=\"entry-title\">\r\n                            <a href=\"https:\/\/jollyheap.com\/pl\/sets\/creative\/\" title=\"Creative\">Creative<\/a>\r\n                        <\/h3>\r\n                                                        <div class=\"quantity\">\r\n                                    100 klock\u00f3w \/ 4 kszta\u0142ty                                <\/div>\r\n                                                    <div class=\"post-excerpt\">\r\n                            <p>Podobny do zestawu Basic, jednak sk\u0142adaj\u0105cy si\u0119 z klock\u00f3w w 4, a nie 2 kszta\u0142tach, co pozwala na bardziej kreatywn\u0105 i wymagaj\u0105c\u0105 zabaw\u0119.<\/p>\n                        <\/div>\r\n                        <a href=\"https:\/\/jollyheap.com\/pl\/sets\/creative\/\" class=\"more\" title=\"Creative\">wi\u0119cej<\/a>\r\n                    <\/div>\r\n                <\/div>\r\n            <\/div>\r\n\r\n                    <div class=\"col blocks-3\">\r\n\r\n                <div class=\"item-set\">\r\n                                            <figure class=\"featured-thumbnail\">\r\n                            <a href=\"https:\/\/jollyheap.com\/pl\/sets\/joy\/\" title=\"Joy\">\r\n                                <img decoding=\"async\" src=\"https:\/\/jollyheap.com\/wp-content\/uploads\/2023\/11\/giraffe-1-700x700.webp\" alt=\"Joy\"\/>\r\n                            <\/a>\r\n                        <\/figure>\r\n                                        <div class=\"content-wrapper\">\r\n                        <h3 class=\"entry-title\">\r\n                            <a href=\"https:\/\/jollyheap.com\/pl\/sets\/joy\/\" title=\"Joy\">Joy<\/a>\r\n                        <\/h3>\r\n                                                        <div class=\"quantity\">\r\n                                    150 klock\u00f3w \/ 2 kszta\u0142ty                                <\/div>\r\n                                                    <div class=\"post-excerpt\">\r\n                            <p>Zestaw dla 2-4 dzieci, z kt\u00f3rego zbuduj\u0105 przer\u00f3\u017cne figury i budowle. Klock\u00f3w wystarczy r\u00f3wnie\u017c na \u015blizgawk\u0119, tory przeszk\u00f3d, czy sof\u0119.<\/p>\n                        <\/div>\r\n                        <a href=\"https:\/\/jollyheap.com\/pl\/sets\/joy\/\" class=\"more\" title=\"Joy\">wi\u0119cej<\/a>\r\n                    <\/div>\r\n                <\/div>\r\n            <\/div>\r\n\r\n                    <div class=\"col blocks-3\">\r\n\r\n                <div class=\"item-set\">\r\n                                            <figure class=\"featured-thumbnail\">\r\n                            <a href=\"https:\/\/jollyheap.com\/pl\/sets\/fun\/\" title=\"Fun\">\r\n                                <img decoding=\"async\" src=\"https:\/\/jollyheap.com\/wp-content\/uploads\/2023\/11\/jh-fun-set-700x700.webp\" alt=\"Fun\"\/>\r\n                            <\/a>\r\n                        <\/figure>\r\n                                        <div class=\"content-wrapper\">\r\n                        <h3 class=\"entry-title\">\r\n                            <a href=\"https:\/\/jollyheap.com\/pl\/sets\/fun\/\" title=\"Fun\">Fun<\/a>\r\n                        <\/h3>\r\n                                                        <div class=\"quantity\">\r\n                                    300 klock\u00f3w \/ 4 kszta\u0142ty                                <\/div>\r\n                                                    <div class=\"post-excerpt\">\r\n                            <p>Zestaw, kt\u00f3ry umo\u017cliwia jednoczesn\u0105 zabaw\u0119 kilku dzieciom. Rekomendowany dla plac\u00f3wek<br \/>\nz k\u0105cikiem zabaw o powierzchni do ~20m2.<\/p>\n                        <\/div>\r\n                        <a href=\"https:\/\/jollyheap.com\/pl\/sets\/fun\/\" class=\"more\" title=\"Fun\">wi\u0119cej<\/a>\r\n                    <\/div>\r\n                <\/div>\r\n            <\/div>\r\n\r\n                    <div class=\"col blocks-3\">\r\n\r\n                <div class=\"item-set\">\r\n                                            <figure class=\"featured-thumbnail\">\r\n                            <a href=\"https:\/\/jollyheap.com\/pl\/sets\/party\/\" title=\"Party\">\r\n                                <img decoding=\"async\" src=\"https:\/\/jollyheap.com\/wp-content\/uploads\/2023\/11\/jh-party-set-700x700.webp\" alt=\"Party\"\/>\r\n                            <\/a>\r\n                        <\/figure>\r\n                                        <div class=\"content-wrapper\">\r\n                        <h3 class=\"entry-title\">\r\n                            <a href=\"https:\/\/jollyheap.com\/pl\/sets\/party\/\" title=\"Party\">Party<\/a>\r\n                        <\/h3>\r\n                                                        <div class=\"quantity\">\r\n                                    500 klock\u00f3w \/ 4 kszta\u0142ty                                <\/div>\r\n                                                    <div class=\"post-excerpt\">\r\n                            <p>Zestaw przeznaczony dla miejsc, kt\u00f3re traktuj\u0105 zakup klock\u00f3w jako inwestycj\u0119: sali zabaw, parku<br \/>\nrozrywki lub sali gimnastycznej.<\/p>\n                        <\/div>\r\n                        <a href=\"https:\/\/jollyheap.com\/pl\/sets\/party\/\" class=\"more\" title=\"Party\">wi\u0119cej<\/a>\r\n                    <\/div>\r\n                <\/div>\r\n            <\/div>\r\n\r\n                    <div class=\"col blocks-3\">\r\n\r\n                <div class=\"item-set\">\r\n                                            <figure class=\"featured-thumbnail\">\r\n                            <a href=\"https:\/\/jollyheap.com\/pl\/sets\/crazy\/\" title=\"Crazy\">\r\n                                <img decoding=\"async\" src=\"https:\/\/jollyheap.com\/wp-content\/uploads\/2023\/11\/jh-crazy-set-700x700.webp\" alt=\"Crazy\"\/>\r\n                            <\/a>\r\n                        <\/figure>\r\n                                        <div class=\"content-wrapper\">\r\n                        <h3 class=\"entry-title\">\r\n                            <a href=\"https:\/\/jollyheap.com\/pl\/sets\/crazy\/\" title=\"Crazy\">Crazy<\/a>\r\n                        <\/h3>\r\n                                                        <div class=\"quantity\">\r\n                                    700 klock\u00f3w \/ 4 kszta\u0142ty                                <\/div>\r\n                                                    <div class=\"post-excerpt\">\r\n                            <p>700 powod\u00f3w na wspania\u0142\u0105 zabaw\u0119 przez d\u0142ugie godziny. Ogromny zestaw, z kt\u00f3rego zbudujesz obiekty wysokie na kilka metr\u00f3w.<\/p>\n                        <\/div>\r\n                        <a href=\"https:\/\/jollyheap.com\/pl\/sets\/crazy\/\" class=\"more\" title=\"Crazy\">wi\u0119cej<\/a>\r\n                    <\/div>\r\n                <\/div>\r\n            <\/div>\r\n\r\n            <\/div>\r\n\r\n    \n\n\n\n<div class=\"wp-block-essential-blocks-row alignfull\"><div class=\"eb-parent-wrapper eb-parent-eb-row-63wipvj \"><div class=\"eb-row-root-container eb-row-63wipvj\" data-id=\"eb-row-63wipvj\"><div class=\"eb-row-wrapper\"><div class=\"eb-row-inner\">\n<div class=\"eb-parent-wrapper eb-parent-eb-column-keikegq  wp-block-essential-blocks-column\"><div class=\"eb-column-wrapper eb-column-keikegq\"><div class=\"eb-column-inner\">\n<div class=\"wp-block-group is-content-justification-center is-layout-constrained wp-container-core-group-is-layout-274d47c8 wp-block-group-is-layout-constrained\">\n<p style=\"font-size:32px\">wi\u0119cej klock\u00f3w = <strong>wi\u0119cej zabawy<\/strong><\/p>\n\n\n\n<div style=\"height:20px\" aria-hidden=\"true\" class=\"wp-block-spacer\"><\/div>\n\n\n\n<p class=\"has-large-font-size\">Prowadzisz sal\u0119 zabaw? Park rozrywki? Mo\u017ce du\u017cy hotel dla rodzin? <strong>Zapytaj o specjaln\u0105 ofert\u0119 <\/strong>dopasowan\u0105 do Twoich potrzeb i przestrzeni.<\/p>\n\n\n\n<div style=\"height:20px\" aria-hidden=\"true\" class=\"wp-block-spacer\"><\/div>\n\n\n\n<div class=\"wp-block-buttons is-layout-flex wp-block-buttons-is-layout-flex\">\n<div class=\"wp-block-button is-style-fill with-arrow\"><a class=\"wp-block-button__link wp-element-button\">zapytaj<\/a><\/div>\n<\/div>\n<\/div>\n<\/div><\/div><\/div>\n\n\n\n<div class=\"eb-parent-wrapper eb-parent-eb-column-5fc21rr  wp-block-essential-blocks-column\"><div class=\"eb-column-wrapper eb-column-5fc21rr\"><div class=\"eb-column-inner\">\n<figure class=\"wp-block-image size-full mb-0 is-style-default br-4\"><img loading=\"lazy\" decoding=\"async\" width=\"1400\" height=\"1051\" src=\"https:\/\/jollyheap.com\/wp-content\/uploads\/2023\/12\/jolly-train.webp\" alt=\"Jolly Heap Train\" class=\"wp-image-243\"\/><\/figure>\n<\/div><\/div><\/div>\n<\/div><\/div><\/div><\/div><\/div>\n","protected":false},"excerpt":{"rendered":"<p>Przegl\u0105daj wed\u0142ug zastosowania Zobacz wszystkie zestawy<\/p>\n","protected":false},"author":1,"featured_media":0,"parent":0,"menu_order":0,"comment_status":"closed","ping_status":"closed","template":"","meta":{"_eb_attr":"","inline_featured_image":false,"footnotes":""},"class_list":["post-420","page","type-page","status-publish","hentry"],"_links":{"self":[{"href":"https:\/\/jollyheap.com\/pl\/wp-json\/wp\/v2\/pages\/420","targetHints":{"allow":["GET"]}}],"collection":[{"href":"https:\/\/jollyheap.com\/pl\/wp-json\/wp\/v2\/pages"}],"about":[{"href":"https:\/\/jollyheap.com\/pl\/wp-json\/wp\/v2\/types\/page"}],"author":[{"embeddable":true,"href":"https:\/\/jollyheap.com\/pl\/wp-json\/wp\/v2\/users\/1"}],"replies":[{"embeddable":true,"href":"https:\/\/jollyheap.com\/pl\/wp-json\/wp\/v2\/comments?post=420"}],"version-history":[{"count":8,"href":"https:\/\/jollyheap.com\/pl\/wp-json\/wp\/v2\/pages\/420\/revisions"}],"predecessor-version":[{"id":1861,"href":"https:\/\/jollyheap.com\/pl\/wp-json\/wp\/v2\/pages\/420\/revisions\/1861"}],"wp:attachment":[{"href":"https:\/\/jollyheap.com\/pl\/wp-json\/wp\/v2\/media?parent=420"}],"curies":[{"name":"wp","href":"https:\/\/api.w.org\/{rel}","templated":true}]}}