{"id":753,"date":"2023-11-08T14:40:52","date_gmt":"2023-11-08T14:40:52","guid":{"rendered":"https:\/\/jollyheap.com\/learn\/"},"modified":"2024-04-09T12:08:05","modified_gmt":"2024-04-09T12:08:05","slug":"learn","status":"publish","type":"page","link":"https:\/\/jollyheap.com\/pl\/learn\/","title":{"rendered":"O Klockach"},"content":{"rendered":"\n<div class=\"wp-block-group container is-layout-constrained wp-block-group-is-layout-constrained\">\n<div class=\"wp-block-group sub-header-big has-background is-layout-constrained wp-block-group-is-layout-constrained\" style=\"background-color:#f8f8f8\">\n<div class=\"wp-block-group content-wrapper is-content-justification-right is-layout-constrained wp-container-core-group-is-layout-a478b225 wp-block-group-is-layout-constrained\">\n<p class=\"has-x-large-font-size\"><strong>Polski produkt<\/strong><\/p>\n\n\n\n<p class=\"has-cerulean-blue-color has-text-color has-link-color has-x-large-font-size wp-elements-30dc56eb0a2e32798369a4793dc33ed5\"><strong>Nie krusz\u0105 si\u0119<\/strong><\/p>\n\n\n\n<p class=\"has-x-large-font-size\"><strong>Robione r\u0119cznie<\/strong><\/p>\n\n\n\n<p class=\"has-cerulean-blue-color has-text-color has-link-color has-x-large-font-size wp-elements-2d7551f8ea842633950f1a576ddd1974\"><strong>Zawsze wracaj\u0105 do formy<\/strong><\/p>\n\n\n\n<p class=\"has-x-large-font-size\"><strong>\u0141atwe w czyszczeniu<\/strong><\/p>\n\n\n\n<p class=\"has-cerulean-blue-color has-text-color has-link-color has-x-large-font-size wp-elements-3531f4090630eec473b01069db8afa42\"><strong>Mi\u0119kkie i bezpieczne<\/strong><\/p>\n\n\n\n<p class=\"has-text-align-center\"><\/p>\n\n\n\n<div style=\"height:5px\" aria-hidden=\"true\" class=\"wp-block-spacer\"><\/div>\n<\/div>\n\n\n\n<figure class=\"wp-block-image size-full\"><img loading=\"lazy\" decoding=\"async\" width=\"1137\" height=\"1180\" src=\"https:\/\/jollyheap.com\/wp-content\/uploads\/2024\/01\/half-jollyheap-block.webp\" alt=\"JollyHeap\" class=\"wp-image-684\"\/><\/figure>\n<\/div>\n\n\n\n<h2 class=\"wp-block-heading has-text-align-center\">4 kszta\u0142ty w ofercie<\/h2>\n\n\n\n<div class=\"wp-block-essential-blocks-row alignfull equal-height\"><div class=\"eb-parent-wrapper eb-parent-eb-row-mu1qn3z \"><div class=\"eb-row-root-container eb-row-mu1qn3z\" data-id=\"eb-row-mu1qn3z\"><div class=\"eb-row-wrapper\"><div class=\"eb-row-inner\">\n<div class=\"eb-parent-wrapper eb-parent-eb-column-8zoujuo  wp-block-essential-blocks-column\"><div class=\"eb-column-wrapper eb-column-8zoujuo\"><div class=\"eb-column-inner\">\n<div class=\"wp-block-group item-form-type has-background is-layout-constrained wp-block-group-is-layout-constrained\" style=\"background-color:#f8f8f8\">\n<figure class=\"wp-block-image aligncenter size-full\"><img loading=\"lazy\" decoding=\"async\" width=\"640\" height=\"640\" src=\"https:\/\/jollyheap.com\/wp-content\/uploads\/2024\/01\/jollyheap-cube-form.webp\" alt=\"JollyHeap\" class=\"wp-image-689\"\/><\/figure>\n\n\n\n<div class=\"wp-block-media-text is-stacked-on-mobile is-vertically-aligned-center\"><figure class=\"wp-block-media-text__media\"><img loading=\"lazy\" decoding=\"async\" width=\"120\" height=\"120\" src=\"https:\/\/jollyheap.com\/wp-content\/uploads\/2024\/01\/jollyheap-vector-cube.svg\" alt=\"JollyHeap\" class=\"wp-image-691 size-full\"\/><\/figure><div class=\"wp-block-media-text__content\">\n<p>Magnesy na wszystkich \u015bcianach<\/p>\n<\/div><\/div>\n<\/div>\n<\/div><\/div><\/div>\n\n\n\n<div class=\"eb-parent-wrapper eb-parent-eb-column-7clkbal  wp-block-essential-blocks-column\"><div class=\"eb-column-wrapper eb-column-7clkbal\"><div class=\"eb-column-inner\">\n<div class=\"wp-block-group item-form-type has-background is-layout-constrained wp-block-group-is-layout-constrained\" style=\"background-color:#f8f8f8\">\n<figure class=\"wp-block-image aligncenter size-full\"><img loading=\"lazy\" decoding=\"async\" width=\"640\" height=\"640\" src=\"https:\/\/jollyheap.com\/wp-content\/uploads\/2024\/01\/jollyheap-triangle-form.webp\" alt=\"JollyHeap\" class=\"wp-image-693\"\/><\/figure>\n\n\n\n<div class=\"wp-block-media-text is-stacked-on-mobile is-vertically-aligned-center\"><figure class=\"wp-block-media-text__media\"><img loading=\"lazy\" decoding=\"async\" width=\"120\" height=\"120\" src=\"https:\/\/jollyheap.com\/wp-content\/uploads\/2024\/01\/jollyheap-vector-triangle.svg\" alt=\"JollyHeap\" class=\"wp-image-695 size-full\"\/><\/figure><div class=\"wp-block-media-text__content\">\n<p>Magnesy na wszystkich \u015bcianach<br>poza przek\u0105tn\u0105<\/p>\n<\/div><\/div>\n<\/div>\n<\/div><\/div><\/div>\n\n\n\n<div class=\"eb-parent-wrapper eb-parent-eb-column-zm54r5w  wp-block-essential-blocks-column\"><div class=\"eb-column-wrapper eb-column-zm54r5w\"><div class=\"eb-column-inner\">\n<div class=\"wp-block-group item-form-type has-background is-layout-constrained wp-block-group-is-layout-constrained\" style=\"background-color:#f8f8f8\">\n<figure class=\"wp-block-image aligncenter size-full\"><img loading=\"lazy\" decoding=\"async\" width=\"640\" height=\"640\" src=\"https:\/\/jollyheap.com\/wp-content\/uploads\/2024\/01\/jollyheap-form.webp\" alt=\"JollyHeap\" class=\"wp-image-697\"\/><\/figure>\n\n\n\n<div class=\"wp-block-media-text is-stacked-on-mobile is-vertically-aligned-center\"><figure class=\"wp-block-media-text__media\"><img loading=\"lazy\" decoding=\"async\" width=\"120\" height=\"120\" src=\"https:\/\/jollyheap.com\/wp-content\/uploads\/2024\/01\/jollyheap-vector-form.svg\" alt=\"JollyHeap\" class=\"wp-image-699 size-full\"\/><\/figure><div class=\"wp-block-media-text__content\">\n<p>Magnesy na wszystkich \u015bcianach poza \u201c\u015bci\u0119t\u0105\u201d<\/p>\n<\/div><\/div>\n<\/div>\n<\/div><\/div><\/div>\n\n\n\n<div class=\"eb-parent-wrapper eb-parent-eb-column-a0l5zqn  wp-block-essential-blocks-column\"><div class=\"eb-column-wrapper eb-column-a0l5zqn\"><div class=\"eb-column-inner\">\n<div class=\"wp-block-group item-form-type has-background is-layout-constrained wp-block-group-is-layout-constrained\" style=\"background-color:#f8f8f8\">\n<figure class=\"wp-block-image aligncenter size-full\"><img loading=\"lazy\" decoding=\"async\" width=\"640\" height=\"640\" src=\"https:\/\/jollyheap.com\/wp-content\/uploads\/2024\/01\/jollyheap-piramide-form.webp\" alt=\"JollyHeap\" class=\"wp-image-701\"\/><\/figure>\n\n\n\n<div class=\"wp-block-media-text is-stacked-on-mobile is-vertically-aligned-center\"><figure class=\"wp-block-media-text__media\"><img loading=\"lazy\" decoding=\"async\" width=\"120\" height=\"120\" src=\"https:\/\/jollyheap.com\/wp-content\/uploads\/2024\/01\/jollyheap-vector-piramide.svg\" alt=\"JollyHeap\" class=\"wp-image-703 size-full\"\/><\/figure><div class=\"wp-block-media-text__content\">\n<p>Magnesy na wszystkich \u015bcianach<br>poza przek\u0105tn\u0105<\/p>\n<\/div><\/div>\n<\/div>\n<\/div><\/div><\/div>\n<\/div><\/div><\/div><\/div><\/div>\n\n\n\n<div class=\"wp-block-essential-blocks-row alignfull\"><div class=\"eb-parent-wrapper eb-parent-eb-row-tl8zg94 \"><div class=\"eb-row-root-container eb-row-tl8zg94\" data-id=\"eb-row-tl8zg94\"><div class=\"eb-row-wrapper\"><div class=\"eb-row-inner\">\n<div class=\"eb-parent-wrapper eb-parent-eb-column-oe8jgq8  wp-block-essential-blocks-column\"><div class=\"eb-column-wrapper eb-column-oe8jgq8\"><div class=\"eb-column-inner\">\n<div class=\"wp-block-group is-layout-constrained wp-container-core-group-is-layout-e6bf2eb9 wp-block-group-is-layout-constrained\">\n<h4 class=\"wp-block-heading has-text-align-center\" style=\"font-style:normal;font-weight:600\">Pami\u0119taj o zasadzie dzia\u0142ania magnes\u00f3w.<\/h4>\n\n\n\n<p class=\"has-text-align-center\">Aby klocki przyci\u0105ga\u0142y si\u0119, <strong>musz\u0105 mie\u0107 przeciwne bieguny<\/strong>, dlatego zestawy JollyHeap sk\u0142adaj\u0105 z dw\u00f3ch kolor\u00f3w.<br>Dodatkowo na klockach w kszta\u0142cie sze\u015bcianu kierunek bieguna jest okre\u015blony przez <strong>haft na klocku<\/strong>.<\/p>\n<\/div>\n<\/div><\/div><\/div>\n\n\n\n<div class=\"eb-parent-wrapper eb-parent-eb-column-raitbu9  wp-block-essential-blocks-column\"><div class=\"eb-column-wrapper eb-column-raitbu9\"><div class=\"eb-column-inner\">\n<div class=\"wp-block-essential-blocks-row alignfull\"><div class=\"eb-parent-wrapper eb-parent-eb-row-lppe2ec \"><div class=\"eb-row-root-container eb-row-lppe2ec\" data-id=\"eb-row-lppe2ec\"><div class=\"eb-row-wrapper\"><div class=\"eb-row-inner\">\n<div class=\"eb-parent-wrapper eb-parent-eb-column-qt8kurv  wp-block-essential-blocks-column\"><div class=\"eb-column-wrapper eb-column-qt8kurv\"><div class=\"eb-column-inner\">\n<figure class=\"wp-block-image aligncenter size-full\"><img loading=\"lazy\" decoding=\"async\" width=\"622\" height=\"622\" src=\"https:\/\/jollyheap.com\/wp-content\/uploads\/2024\/01\/jollyheap-diffrent-colors-blocks.webp\" alt=\"JollyHeap\" class=\"wp-image-707\"\/><\/figure>\n<\/div><\/div><\/div>\n\n\n\n<div class=\"eb-parent-wrapper eb-parent-eb-column-0c2d9m5  wp-block-essential-blocks-column\"><div class=\"eb-column-wrapper eb-column-0c2d9m5\"><div class=\"eb-column-inner\">\n<figure class=\"wp-block-image aligncenter size-full\"><img loading=\"lazy\" decoding=\"async\" width=\"622\" height=\"622\" src=\"https:\/\/jollyheap.com\/wp-content\/uploads\/2024\/01\/jollyheap-same-color-blocks.webp\" alt=\"JollyHeap\" class=\"wp-image-709\"\/><\/figure>\n<\/div><\/div><\/div>\n<\/div><\/div><\/div><\/div><\/div>\n<\/div><\/div><\/div>\n<\/div><\/div><\/div><\/div><\/div>\n<\/div>\n\n\n\n<div class=\"wp-block-group half-content-wave-devider is-layout-constrained wp-block-group-is-layout-constrained\">\n<div class=\"wp-block-group container is-layout-constrained wp-block-group-is-layout-constrained\">\n<h2 class=\"wp-block-heading has-text-align-center\">Jak s\u0105 zrobione?<\/h2>\n\n\n\n<div class=\"wp-block-group is-layout-constrained wp-container-core-group-is-layout-42ba0340 wp-block-group-is-layout-constrained\">\n<p class=\"has-text-align-center\">Najwa\u017cniejsze jest bezpiecze\u0144stwo dzieci, dlatego klocki JollyHeap powstaj\u0105 w Polsce, z wysokiej jako\u015bci materia\u0142\u00f3w. Ka\u017cdy klocek zszywany jest r\u0119cznie, dlatego nawet najbardziej uparty \u201codkrywca\u201d nie jest w stanie go rozerwa\u0107.<\/p>\n<\/div>\n\n\n\n<div class=\"wp-block-essential-blocks-row alignfull\"><div class=\"eb-parent-wrapper eb-parent-eb-row-7dudip9 \"><div class=\"eb-row-root-container eb-row-7dudip9\" data-id=\"eb-row-7dudip9\"><div class=\"eb-row-wrapper\"><div class=\"eb-row-inner\">\n<div class=\"eb-parent-wrapper eb-parent-eb-column-dtvrs70  wp-block-essential-blocks-column\"><div class=\"eb-column-wrapper eb-column-dtvrs70\"><div class=\"eb-column-inner\">\n<div class=\"wp-block-media-text\"><figure class=\"wp-block-media-text__media\"><img loading=\"lazy\" decoding=\"async\" width=\"88\" height=\"88\" src=\"https:\/\/jollyheap.com\/wp-content\/uploads\/2024\/01\/ruller.svg\" alt=\"JollyHeap\" class=\"wp-image-714 size-full\"\/><\/figure><div class=\"wp-block-media-text__content\">\n<p>12x12cm<\/p>\n<\/div><\/div>\n<\/div><\/div><\/div>\n\n\n\n<div class=\"eb-parent-wrapper eb-parent-eb-column-6d9301i  wp-block-essential-blocks-column\"><div class=\"eb-column-wrapper eb-column-6d9301i\"><div class=\"eb-column-inner\">\n<div class=\"wp-block-media-text\"><figure class=\"wp-block-media-text__media\"><img loading=\"lazy\" decoding=\"async\" width=\"88\" height=\"88\" src=\"https:\/\/jollyheap.com\/wp-content\/uploads\/2024\/01\/weight.svg\" alt=\"JollyHeap\" class=\"wp-image-716 size-full\"\/><\/figure><div class=\"wp-block-media-text__content\">\n<p>150g<\/p>\n<\/div><\/div>\n<\/div><\/div><\/div>\n<\/div><\/div><\/div><\/div><\/div>\n<\/div>\n\n\n\n<div class=\"wp-block-group illustration-section is-layout-constrained wp-block-group-is-layout-constrained\">\n<figure class=\"wp-block-image size-large\"><img loading=\"lazy\" decoding=\"async\" width=\"1440\" height=\"826\" src=\"https:\/\/jollyheap.com\/wp-content\/uploads\/2024\/01\/jollyheap-illustration-block-1440x826.webp\" alt=\"JollyHeap\" class=\"wp-image-721\"\/><\/figure>\n\n\n\n<div class=\"wp-block-group container is-layout-constrained wp-block-group-is-layout-constrained\">\n<div class=\"wp-block-essential-blocks-row alignfull\"><div class=\"eb-parent-wrapper eb-parent-eb-row-bqc2pce \"><div class=\"eb-row-root-container eb-row-bqc2pce\" data-id=\"eb-row-bqc2pce\"><div class=\"eb-row-wrapper\"><div class=\"eb-row-inner\">\n<div class=\"eb-parent-wrapper eb-parent-eb-column-jrsws4k  wp-block-essential-blocks-column\"><div class=\"eb-column-wrapper eb-column-jrsws4k\"><div class=\"eb-column-inner\">\n\n<\/div><\/div><\/div>\n\n\n\n<div class=\"eb-parent-wrapper eb-parent-eb-column-1ev1bao  wp-block-essential-blocks-column\"><div class=\"eb-column-wrapper eb-column-1ev1bao\"><div class=\"eb-column-inner\">\n<div class=\"wp-block-essential-blocks-row alignfull\"><div class=\"eb-parent-wrapper eb-parent-eb-row-yoflwp6 \"><div class=\"eb-row-root-container eb-row-yoflwp6\" data-id=\"eb-row-yoflwp6\"><div class=\"eb-row-wrapper\"><div class=\"eb-row-inner\">\n<div class=\"eb-parent-wrapper eb-parent-eb-column-g5eoptr  wp-block-essential-blocks-column\"><div class=\"eb-column-wrapper eb-column-g5eoptr\"><div class=\"eb-column-inner\">\n<div class=\"wp-block-media-text is-stacked-on-mobile\"><figure class=\"wp-block-media-text__media\"><img loading=\"lazy\" decoding=\"async\" width=\"155\" height=\"155\" src=\"https:\/\/jollyheap.com\/wp-content\/uploads\/2024\/01\/jollyheap-soft.svg\" alt=\"JollyHeap\" class=\"wp-image-723 size-full\"\/><\/figure><div class=\"wp-block-media-text__content\">\n<p class=\"has-medium-font-size\"><strong>Mi\u0119kka pianka<\/strong><\/p>\n\n\n\n<p class=\"has-small-font-size\">Wysokoelastyczna, spr\u0119\u017cysta i bezpieczna.<br>Zawsze wraca do formy.<\/p>\n<\/div><\/div>\n<\/div><\/div><\/div>\n\n\n\n<div class=\"eb-parent-wrapper eb-parent-eb-column-kc8ykcn  wp-block-essential-blocks-column\"><div class=\"eb-column-wrapper eb-column-kc8ykcn\"><div class=\"eb-column-inner\">\n<div class=\"wp-block-media-text is-stacked-on-mobile\"><figure class=\"wp-block-media-text__media\"><img loading=\"lazy\" decoding=\"async\" width=\"155\" height=\"155\" src=\"https:\/\/jollyheap.com\/wp-content\/uploads\/2024\/01\/jollyheap-strong-magnets.svg\" alt=\"JollyHeap\" class=\"wp-image-725 size-full\"\/><\/figure><div class=\"wp-block-media-text__content\">\n<p class=\"has-medium-font-size\"><strong>Silne magnesy<\/strong><\/p>\n\n\n\n<p class=\"has-small-font-size\">Magnesy neodymowe gwarantuj\u0105 mocne<br>i stabilne po\u0142\u0105czenie.<\/p>\n<\/div><\/div>\n<\/div><\/div><\/div>\n<\/div><\/div><\/div><\/div><\/div>\n\n\n\n<div class=\"wp-block-essential-blocks-row alignfull\"><div class=\"eb-parent-wrapper eb-parent-eb-row-h19v0dz \"><div class=\"eb-row-root-container eb-row-h19v0dz\" data-id=\"eb-row-h19v0dz\"><div class=\"eb-row-wrapper\"><div class=\"eb-row-inner\">\n<div class=\"eb-parent-wrapper eb-parent-eb-column-j7n5ph2  wp-block-essential-blocks-column\"><div class=\"eb-column-wrapper eb-column-j7n5ph2\"><div class=\"eb-column-inner\">\n<div class=\"wp-block-media-text is-stacked-on-mobile\"><figure class=\"wp-block-media-text__media\"><img loading=\"lazy\" decoding=\"async\" width=\"155\" height=\"155\" src=\"https:\/\/jollyheap.com\/wp-content\/uploads\/2024\/01\/jollyheap-durable-fabric.svg\" alt=\"JollyHeap\" class=\"wp-image-727 size-full\"\/><\/figure><div class=\"wp-block-media-text__content\">\n<p class=\"has-medium-font-size\"><strong>Wytrzyma\u0142a tkanina<\/strong><\/p>\n\n\n\n<p class=\"has-small-font-size\">Solidna i przyjemna<br>w dotyku. Tkanina ma g\u0119sty splot i wysok\u0105 gramatur\u0119.<\/p>\n<\/div><\/div>\n<\/div><\/div><\/div>\n\n\n\n<div class=\"eb-parent-wrapper eb-parent-eb-column-61thzd9  wp-block-essential-blocks-column\"><div class=\"eb-column-wrapper eb-column-61thzd9\"><div class=\"eb-column-inner\">\n<div class=\"wp-block-media-text is-stacked-on-mobile\"><figure class=\"wp-block-media-text__media\"><img loading=\"lazy\" decoding=\"async\" width=\"155\" height=\"155\" src=\"https:\/\/jollyheap.com\/wp-content\/uploads\/2024\/01\/jollyheap-handmade.svg\" alt=\"JollyHeap\" class=\"wp-image-729 size-full\"\/><\/figure><div class=\"wp-block-media-text__content\">\n<p class=\"has-medium-font-size\"><strong>Zszywane r\u0119cznie<\/strong><\/p>\n\n\n\n<p class=\"has-small-font-size\">Klocki zszywamy r\u0119cznie, \u017ceby mie\u0107 pewno\u015b\u0107, \u017ce maluchy nie dostan\u0105 si\u0119 do wn\u0119trza klocka.<\/p>\n<\/div><\/div>\n<\/div><\/div><\/div>\n<\/div><\/div><\/div><\/div><\/div>\n<\/div><\/div><\/div>\n<\/div><\/div><\/div><\/div><\/div>\n<\/div>\n<\/div>\n\n\n\n<div class=\"wp-block-group container is-layout-constrained wp-block-group-is-layout-constrained\">\n<h4 class=\"wp-block-heading has-text-align-center\" id=\"certification-block\" style=\"font-style:normal;font-weight:600\">Klocki posiadaj\u0105 certyfikacj\u0119<\/h4>\n\n\n\n<div class=\"wp-block-essential-blocks-row alignfull\"><div class=\"eb-parent-wrapper eb-parent-eb-row-9kir979 \"><div class=\"eb-row-root-container eb-row-9kir979\" data-id=\"eb-row-9kir979\"><div class=\"eb-row-wrapper\"><div class=\"eb-row-inner\">\n<div class=\"eb-parent-wrapper eb-parent-eb-column-81mw0k7  wp-block-essential-blocks-column\"><div class=\"eb-column-wrapper eb-column-81mw0k7\"><div class=\"eb-column-inner\">\n<div class=\"wp-block-media-text is-vertically-aligned-top\" style=\"grid-template-columns:20% auto\"><figure class=\"wp-block-media-text__media\"><img loading=\"lazy\" decoding=\"async\" width=\"124\" height=\"124\" src=\"https:\/\/jollyheap.com\/wp-content\/uploads\/2024\/01\/en-71.svg\" alt=\"JollyHeap\" class=\"wp-image-733 size-full\"\/><\/figure><div class=\"wp-block-media-text__content\">\n<p class=\"has-medium-font-size\"><strong>EN 71-1, EN 71-2, EN 71-3<\/strong><\/p>\n\n\n\n<p>Klocki spe\u0142niaj\u0105 normy bezpiecze\u0144stwa dotycz\u0105ce:<\/p>\n\n\n\n<ol class=\"wp-block-list\">\n<li>W\u0142a\u015bciwo\u015bci mechanicznych i fizycznych,<\/li>\n\n\n\n<li>Palno\u015bci,<\/li>\n\n\n\n<li>Migracji okre\u015blonych pierwiastk\u00f3w.<\/li>\n<\/ol>\n<\/div><\/div>\n<\/div><\/div><\/div>\n\n\n\n<div class=\"eb-parent-wrapper eb-parent-eb-column-yilgn7d  wp-block-essential-blocks-column\"><div class=\"eb-column-wrapper eb-column-yilgn7d\"><div class=\"eb-column-inner\">\n<div class=\"wp-block-media-text is-vertically-aligned-top\" style=\"grid-template-columns:20% auto\"><figure class=\"wp-block-media-text__media\"><img loading=\"lazy\" decoding=\"async\" width=\"125\" height=\"125\" src=\"https:\/\/jollyheap.com\/wp-content\/uploads\/2024\/01\/ce-sertification.svg\" alt=\"CE Certification JollyHeap\" class=\"wp-image-757 size-full\"\/><\/figure><div class=\"wp-block-media-text__content\">\n<p class=\"has-medium-font-size\"><strong>CERTYFIKACJA CE<\/strong><\/p>\n\n\n\n<p>Klocki JollyHeap s\u0105 zgodne z wymaganiami Dyrektywy Parlamentu Europejskiego i Rady 2009\/48\/WE w sprawie bezpiecze\u0144stwa zabawek.<\/p>\n<\/div><\/div>\n<\/div><\/div><\/div>\n<\/div><\/div><\/div><\/div><\/div>\n\n\n\n<div class=\"wp-block-essential-blocks-row alignfull colors-row\"><div class=\"eb-parent-wrapper eb-parent-eb-row-frgxp9q \"><div class=\"eb-row-root-container eb-row-frgxp9q\" data-id=\"eb-row-frgxp9q\"><div class=\"eb-row-wrapper\"><div class=\"eb-row-inner\">\n<div class=\"eb-parent-wrapper eb-parent-eb-column-mnqd2rs  wp-block-essential-blocks-column br-10\"><div class=\"eb-column-wrapper eb-column-mnqd2rs\"><div class=\"eb-column-inner\">\n<figure class=\"wp-block-image size-full\"><img loading=\"lazy\" decoding=\"async\" width=\"1242\" height=\"974\" src=\"https:\/\/jollyheap.com\/wp-content\/uploads\/2024\/01\/jollyheap-12-colors.webp\" alt=\"JollyHeap Colors\" class=\"wp-image-740\"\/><\/figure>\n\n\n\n<h2 class=\"wp-block-heading has-text-align-center\">12 pi\u0119knych kolor\u00f3w<\/h2>\n\n\n\n<div class=\"wp-block-group is-layout-constrained wp-container-core-group-is-layout-ab6219c3 wp-block-group-is-layout-constrained\">\n<p class=\"has-text-align-center\">Od \u017cywych przez stonowane do odcieni szaro\u015bci. Dobierz kolorystyk\u0119 ze wzgl\u0119du na zastosowanie.<\/p>\n<\/div>\n<\/div><\/div><\/div>\n\n\n\n<div class=\"eb-parent-wrapper eb-parent-eb-column-zpd6efr  wp-block-essential-blocks-column br-10\"><div class=\"eb-column-wrapper eb-column-zpd6efr\"><div class=\"eb-column-inner\">\n<figure class=\"wp-block-image size-full\"><img loading=\"lazy\" decoding=\"async\" width=\"860\" height=\"617\" src=\"https:\/\/jollyheap.com\/wp-content\/uploads\/2023\/12\/sets.webp\" alt=\"JollyHeap Colors\" class=\"wp-image-1272\"\/><\/figure>\n\n\n\n<h2 class=\"wp-block-heading has-text-align-center\">36 r\u00f3\u017cnych kombinacji<\/h2>\n\n\n\n<div class=\"wp-block-group is-layout-constrained wp-container-core-group-is-layout-ab6219c3 wp-block-group-is-layout-constrained\">\n<p class=\"has-text-align-center\">Klocki \u0142\u0105cz\u0105 si\u0119 naprzemiennie, wi\u0119c ka\u017cda kombinacja kolorystyczna zawiera klocki o biegunie S i klocki o biegunie N.<\/p>\n<\/div>\n<\/div><\/div><\/div>\n<\/div><\/div><\/div><\/div><\/div>\n\n\n\n<div class=\"wp-block-group br-10 care-and-cleaning-block has-background is-layout-constrained wp-block-group-is-layout-constrained\" style=\"background-color:#f8f8f8\">\n<h2 class=\"wp-block-heading has-text-align-center\">Piel\u0119gnacja i czyszczenie<\/h2>\n\n\n\n<div class=\"wp-block-group is-layout-constrained wp-container-core-group-is-layout-ab6219c3 wp-block-group-is-layout-constrained\">\n<p class=\"has-text-align-center\">O klocki JollyHeap zadbasz bez zb\u0119dnego wysi\u0142ku. \u0141atwo, szybko i przyjemnie.<\/p>\n<\/div>\n\n\n\n<div class=\"wp-block-essential-blocks-row alignfull equal-height\"><div class=\"eb-parent-wrapper eb-parent-eb-row-6ns3tfg \"><div class=\"eb-row-root-container eb-row-6ns3tfg\" data-id=\"eb-row-6ns3tfg\"><div class=\"eb-row-wrapper\"><div class=\"eb-row-inner\">\n<div class=\"eb-parent-wrapper eb-parent-eb-column-afm96qf  wp-block-essential-blocks-column\"><div class=\"eb-column-wrapper eb-column-afm96qf\"><div class=\"eb-column-inner\">\n<figure class=\"wp-block-image size-full is-resized ml-a\"><img loading=\"lazy\" decoding=\"async\" width=\"1034\" height=\"640\" src=\"https:\/\/jollyheap.com\/wp-content\/uploads\/2024\/01\/jollyheap-wash.webp\" alt=\"JollyHeap\" class=\"wp-image-747\" style=\"width:517px\"\/><\/figure>\n\n\n\n<h3 class=\"wp-block-heading mb-0\">Wypierzesz je w pralce<\/h3>\n\n\n\n<h3 class=\"wp-block-heading has-cerulean-blue-color has-text-color has-link-color wp-elements-cf038c93f4d11f56feca0c27bbee499c\">Wyczy\u015bcisz odkurzaczem ekstrakcyjnym<\/h3>\n<\/div><\/div><\/div>\n\n\n\n<div class=\"eb-parent-wrapper eb-parent-eb-column-0s9x08u  wp-block-essential-blocks-column\"><div class=\"eb-column-wrapper eb-column-0s9x08u\"><div class=\"eb-column-inner\">\n<p>Aby unikn\u0105\u0107 nagromadzenia kurzu nale\u017cy<br>regularnie czy\u015bci\u0107 klocki odkurzaczem.<br>Po odkurzeniu najlepiej przetrze\u0107 je ze wszystkich<br>stron wilgotn\u0105 (nie mokr\u0105) \u015bciereczk\u0105.<\/p>\n\n\n\n<p>Klocki mo\u017cna pra\u0107 w pralce w ilo\u015bci nie wi\u0119kszej<br>ni\u017c 6-9 szt tego samego koloru.<\/p>\n\n\n\n<p>Nale\u017cy pra\u0107 za pomoc\u0105 kr\u00f3tkiego programu<br>prania, w temperaturze 30\u00b0C.<\/p>\n\n\n\n<p>Nie suszy\u0107 w suszarce oraz gor\u0105cych powierzchniach, czy s\u0142o\u0144cu.<\/p>\n\n\n\n<p>Nie prasowa\u0107 i nie wybiela\u0107.<\/p>\n<\/div><\/div><\/div>\n<\/div><\/div><\/div><\/div><\/div>\n<\/div>\n<\/div>\n<\/div>\n","protected":false},"excerpt":{"rendered":"<p>Polski produkt Nie krusz\u0105 si\u0119 Robione r\u0119cznie Zawsze wracaj\u0105 do formy \u0141atwe w czyszczeniu Mi\u0119kkie i bezpieczne 4 kszta\u0142ty w ofercie Jak s\u0105 zrobione? Najwa\u017cniejsze jest bezpiecze\u0144stwo dzieci, dlatego klocki JollyHeap powstaj\u0105 w Polsce, z wysokiej jako\u015bci materia\u0142\u00f3w. Ka\u017cdy klocek zszywany jest r\u0119cznie, dlatego nawet najbardziej uparty \u201codkrywca\u201d nie jest w stanie go rozerwa\u0107. Klocki&#8230;<\/p>\n","protected":false},"author":1,"featured_media":0,"parent":0,"menu_order":0,"comment_status":"closed","ping_status":"closed","template":"page-fullwidth.php","meta":{"_eb_attr":"","inline_featured_image":false,"footnotes":""},"class_list":["post-753","page","type-page","status-publish","hentry"],"_links":{"self":[{"href":"https:\/\/jollyheap.com\/pl\/wp-json\/wp\/v2\/pages\/753","targetHints":{"allow":["GET"]}}],"collection":[{"href":"https:\/\/jollyheap.com\/pl\/wp-json\/wp\/v2\/pages"}],"about":[{"href":"https:\/\/jollyheap.com\/pl\/wp-json\/wp\/v2\/types\/page"}],"author":[{"embeddable":true,"href":"https:\/\/jollyheap.com\/pl\/wp-json\/wp\/v2\/users\/1"}],"replies":[{"embeddable":true,"href":"https:\/\/jollyheap.com\/pl\/wp-json\/wp\/v2\/comments?post=753"}],"version-history":[{"count":7,"href":"https:\/\/jollyheap.com\/pl\/wp-json\/wp\/v2\/pages\/753\/revisions"}],"predecessor-version":[{"id":2883,"href":"https:\/\/jollyheap.com\/pl\/wp-json\/wp\/v2\/pages\/753\/revisions\/2883"}],"wp:attachment":[{"href":"https:\/\/jollyheap.com\/pl\/wp-json\/wp\/v2\/media?parent=753"}],"curies":[{"name":"wp","href":"https:\/\/api.w.org\/{rel}","templated":true}]}}